{"id":1073,"date":"2019-12-13T15:03:23","date_gmt":"2019-12-13T14:03:23","guid":{"rendered":"http:\/\/noyalsurbrutz.fr\/?page_id=1073"},"modified":"2020-08-11T10:13:55","modified_gmt":"2020-08-11T08:13:55","slug":"le-bercail","status":"publish","type":"page","link":"https:\/\/noyalsurbrutz.fr\/index.php\/le-bercail\/","title":{"rendered":"Le Bercail"},"content":{"rendered":"<h5>BAR, EPICERIE ET SERVICE DE RESTAURATION<img loading=\"lazy\" decoding=\"async\" class=\"wp-image-1262 alignright\" src=\"https:\/\/noyalsurbrutz.fr\/wp-content\/uploads\/2019\/12\/IMG_2564-1024x768.jpg\" alt=\"\" width=\"296\" height=\"395\" \/><\/h5>\n<p>2 Rue de la Mairie<\/p>\n<p>44110 NOYAL SUR BRUTZ<\/p>\n<p><span class=\"oi732d6d ik7dh3pa d2edcug0 qv66sw1b c1et5uql a8c37x1j muag1w35 ew0dbk1b jq4qci2q a3bd9o3v knj5qynh oo9gr5id hzawbc8m\" dir=\"auto\"><span class=\"oi732d6d ik7dh3pa d2edcug0 qv66sw1b c1et5uql jq4qci2q a3bd9o3v knj5qynh oo9gr5id\"><img loading=\"lazy\" decoding=\"async\" class=\" wp-image-308 alignleft\" src=\"https:\/\/noyalsurbrutz.fr\/wp-content\/uploads\/2017\/08\/old-red-phone-27649446.jpg\" alt=\"\" width=\"50\" height=\"33\" srcset=\"https:\/\/noyalsurbrutz.fr\/wp-content\/uploads\/2017\/08\/old-red-phone-27649446.jpg 240w, https:\/\/noyalsurbrutz.fr\/wp-content\/uploads\/2017\/08\/old-red-phone-27649446-150x100.jpg 150w\" sizes=\"auto, (max-width: 50px) 100vw, 50px\" \/>07 70 70 97 62<\/span><\/span><\/p>\n<p>Pascal et Micheline vous accueillent tous les jours <strong>sauf le mercredi<\/strong> :<\/p>\n<p>&nbsp;<\/p>\n<p>&nbsp;<\/p>\n<p>&nbsp;<\/p>\n<p>&nbsp;<\/p>\n<p><img loading=\"lazy\" decoding=\"async\" class=\"alignleft wp-image-1263 \" src=\"https:\/\/noyalsurbrutz.fr\/wp-content\/uploads\/2019\/12\/IMG_2565-1024x768.jpg\" alt=\"\" width=\"274\" height=\"366\" \/><\/p>\n<p>&nbsp;<\/p>\n<p>&nbsp;<\/p>\n<p>&nbsp;<\/p>\n<h5><span style=\"color: #339966;\">De 7h30 \u00e0 13h00 et de 16h00 \u00e0 20h<\/span><\/h5>\n<p>&nbsp;<\/p>\n<p>\u00c9picerie bien garnie, produits locaux et circuit court.<\/p>\n<p>Billard, fl\u00e9chettes, retransmission d&rsquo;\u00e9v\u00e8nements sportifs, soir\u00e9es \u00e0 th\u00e8me, plats \u00e0 emport\u00e9s, possibilit\u00e9 de se restaurer sur place.<\/p>\n<p>Pour plus d&rsquo;informations en live consulter la plage facebook :<\/p>\n<p><a href=\"https:\/\/www.facebook.com\/LeBercail44\">https:\/\/www.facebook.com\/LeBercail44<\/a><\/p>\n<p>&nbsp;<\/p>\n","protected":false},"excerpt":{"rendered":"<p>BAR, EPICERIE ET SERVICE DE RESTAURATION 2 Rue de la Mairie 44110 NOYAL SUR BRUTZ 07 70 70 97 62 Pascal et Micheline vous accueillent tous les jours sauf le mercredi : &nbsp; &nbsp; &nbsp; &nbsp; &nbsp; &nbsp; &nbsp; De 7h30 \u00e0 13h00 et de 16h00 \u00e0 20h &nbsp; \u00c9picerie\u2026 <a class=\"continue-reading-link\" href=\"https:\/\/noyalsurbrutz.fr\/index.php\/le-bercail\/\">Continue reading<\/a><\/p>\n","protected":false},"author":1,"featured_media":0,"parent":0,"menu_order":0,"comment_status":"closed","ping_status":"closed","template":"","meta":{"footnotes":""},"class_list":["post-1073","page","type-page","status-publish","hentry"],"_links":{"self":[{"href":"https:\/\/noyalsurbrutz.fr\/index.php\/wp-json\/wp\/v2\/pages\/1073","targetHints":{"allow":["GET"]}}],"collection":[{"href":"https:\/\/noyalsurbrutz.fr\/index.php\/wp-json\/wp\/v2\/pages"}],"about":[{"href":"https:\/\/noyalsurbrutz.fr\/index.php\/wp-json\/wp\/v2\/types\/page"}],"author":[{"embeddable":true,"href":"https:\/\/noyalsurbrutz.fr\/index.php\/wp-json\/wp\/v2\/users\/1"}],"replies":[{"embeddable":true,"href":"https:\/\/noyalsurbrutz.fr\/index.php\/wp-json\/wp\/v2\/comments?post=1073"}],"version-history":[{"count":18,"href":"https:\/\/noyalsurbrutz.fr\/index.php\/wp-json\/wp\/v2\/pages\/1073\/revisions"}],"predecessor-version":[{"id":1281,"href":"https:\/\/noyalsurbrutz.fr\/index.php\/wp-json\/wp\/v2\/pages\/1073\/revisions\/1281"}],"wp:attachment":[{"href":"https:\/\/noyalsurbrutz.fr\/index.php\/wp-json\/wp\/v2\/media?parent=1073"}],"curies":[{"name":"wp","href":"https:\/\/api.w.org\/{rel}","templated":true}]}}