{"id":150,"date":"2017-08-02T10:17:47","date_gmt":"2017-08-02T08:17:47","guid":{"rendered":"http:\/\/noyalsurbrutz.fr\/?page_id=150"},"modified":"2024-10-03T13:51:46","modified_gmt":"2024-10-03T11:51:46","slug":"assistantes-maternelles","status":"publish","type":"page","link":"https:\/\/noyalsurbrutz.fr\/index.php\/assistantes-maternelles\/","title":{"rendered":"Assistantes Maternelles"},"content":{"rendered":"<h4><img loading=\"lazy\" decoding=\"async\" class=\"alignnone size-medium wp-image-320\" src=\"https:\/\/noyalsurbrutz.fr\/wp-content\/uploads\/2017\/08\/nounou-enfants-300x136.jpg\" alt=\"\" width=\"300\" height=\"136\" srcset=\"https:\/\/noyalsurbrutz.fr\/wp-content\/uploads\/2017\/08\/nounou-enfants-300x136.jpg 300w, https:\/\/noyalsurbrutz.fr\/wp-content\/uploads\/2017\/08\/nounou-enfants-150x68.jpg 150w, https:\/\/noyalsurbrutz.fr\/wp-content\/uploads\/2017\/08\/nounou-enfants.jpg 550w\" sizes=\"auto, (max-width: 300px) 100vw, 300px\" \/><\/h4>\n<table>\n<tbody>\n<tr>\n<td width=\"302\"><\/td>\n<td width=\"302\"><strong>Mme SAULNIER Gis\u00e8le : 3 Agr\u00e9ments vacances scolaires<\/strong><strong>4 Agr\u00e9ments p\u00e9riodes scolaires\u00a0<\/strong><\/p>\n<h4><img loading=\"lazy\" decoding=\"async\" class=\"wp-image-313 alignright\" src=\"https:\/\/noyalsurbrutz.fr\/wp-content\/uploads\/2017\/08\/index3.jpg\" alt=\"\" width=\"72\" height=\"54\" srcset=\"https:\/\/noyalsurbrutz.fr\/wp-content\/uploads\/2017\/08\/index3.jpg 259w, https:\/\/noyalsurbrutz.fr\/wp-content\/uploads\/2017\/08\/index3-150x112.jpg 150w\" sizes=\"auto, (max-width: 72px) 100vw, 72px\" \/><\/h4>\n<p><em><img loading=\"lazy\" decoding=\"async\" class=\"alignnone wp-image-303\" src=\"https:\/\/noyalsurbrutz.fr\/wp-content\/uploads\/2017\/08\/index.jpg\" alt=\"\" width=\"42\" height=\"42\" srcset=\"https:\/\/noyalsurbrutz.fr\/wp-content\/uploads\/2017\/08\/index.jpg 220w, https:\/\/noyalsurbrutz.fr\/wp-content\/uploads\/2017\/08\/index-150x150.jpg 150w\" sizes=\"auto, (max-width: 42px) 100vw, 42px\" \/>7, Place des Marronniers<\/em><\/p>\n<p>44110 NOYAL SUR BRUTZ<\/p>\n<p><img loading=\"lazy\" decoding=\"async\" class=\"alignnone wp-image-308\" src=\"https:\/\/noyalsurbrutz.fr\/wp-content\/uploads\/2017\/08\/old-red-phone-27649446.jpg\" alt=\"\" width=\"50\" height=\"33\" srcset=\"https:\/\/noyalsurbrutz.fr\/wp-content\/uploads\/2017\/08\/old-red-phone-27649446.jpg 240w, https:\/\/noyalsurbrutz.fr\/wp-content\/uploads\/2017\/08\/old-red-phone-27649446-150x100.jpg 150w\" sizes=\"auto, (max-width: 50px) 100vw, 50px\" \/>06.50.27.06.79<\/p>\n<p><strong>Mme CHOUANNIERE Delphine : <\/strong><\/p>\n<p><strong>4 Agr\u00e9ments : 3 de 0 \u00e0 10 ans, et 1 de 2 \u00e0 10 ans<\/strong><\/p>\n<h4><img loading=\"lazy\" decoding=\"async\" class=\"wp-image-313 alignright\" src=\"https:\/\/noyalsurbrutz.fr\/wp-content\/uploads\/2017\/08\/index3.jpg\" alt=\"\" width=\"72\" height=\"54\" srcset=\"https:\/\/noyalsurbrutz.fr\/wp-content\/uploads\/2017\/08\/index3.jpg 259w, https:\/\/noyalsurbrutz.fr\/wp-content\/uploads\/2017\/08\/index3-150x112.jpg 150w\" sizes=\"auto, (max-width: 72px) 100vw, 72px\" \/><\/h4>\n<p><img loading=\"lazy\" decoding=\"async\" class=\"alignnone wp-image-308\" src=\"https:\/\/noyalsurbrutz.fr\/wp-content\/uploads\/2017\/08\/old-red-phone-27649446.jpg\" alt=\"\" width=\"50\" height=\"33\" srcset=\"https:\/\/noyalsurbrutz.fr\/wp-content\/uploads\/2017\/08\/old-red-phone-27649446.jpg 240w, https:\/\/noyalsurbrutz.fr\/wp-content\/uploads\/2017\/08\/old-red-phone-27649446-150x100.jpg 150w\" sizes=\"auto, (max-width: 50px) 100vw, 50px\" \/>06.04.42.87.27<\/td>\n<\/tr>\n<\/tbody>\n<\/table>\n<p><strong>Mme MOYAT Adeline\u00a0 : <\/strong><\/p>\n<p><strong>2 Agr\u00e9ments :\u00a0 0 \u00e0 10 ans<br \/>\n<\/strong><\/p>\n<p><em><img loading=\"lazy\" decoding=\"async\" class=\"alignnone wp-image-303\" src=\"https:\/\/noyalsurbrutz.fr\/wp-content\/uploads\/2017\/08\/index.jpg\" alt=\"\" width=\"42\" height=\"42\" srcset=\"https:\/\/noyalsurbrutz.fr\/wp-content\/uploads\/2017\/08\/index.jpg 220w, https:\/\/noyalsurbrutz.fr\/wp-content\/uploads\/2017\/08\/index-150x150.jpg 150w\" sizes=\"auto, (max-width: 42px) 100vw, 42px\" \/>Le Cormier<br \/>\n<\/em><\/p>\n<p>44110 NOYAL SUR BRUTZ<\/p>\n<p><img loading=\"lazy\" decoding=\"async\" class=\"alignnone wp-image-308\" src=\"https:\/\/noyalsurbrutz.fr\/wp-content\/uploads\/2017\/08\/old-red-phone-27649446.jpg\" alt=\"\" width=\"50\" height=\"33\" srcset=\"https:\/\/noyalsurbrutz.fr\/wp-content\/uploads\/2017\/08\/old-red-phone-27649446.jpg 240w, https:\/\/noyalsurbrutz.fr\/wp-content\/uploads\/2017\/08\/old-red-phone-27649446-150x100.jpg 150w\" sizes=\"auto, (max-width: 50px) 100vw, 50px\" \/>06.33.02.38.16<\/p>\n","protected":false},"excerpt":{"rendered":"<p>Mme SAULNIER Gis\u00e8le : 3 Agr\u00e9ments vacances scolaires4 Agr\u00e9ments p\u00e9riodes scolaires\u00a0 7, Place des Marronniers 44110 NOYAL SUR BRUTZ 06.50.27.06.79 Mme CHOUANNIERE Delphine : 4 Agr\u00e9ments : 3 de 0 \u00e0 10 ans, et 1 de 2 \u00e0 10 ans 06.04.42.87.27 Mme MOYAT Adeline\u00a0 : 2 Agr\u00e9ments :\u00a0 0 \u00e0\u2026 <a class=\"continue-reading-link\" href=\"https:\/\/noyalsurbrutz.fr\/index.php\/assistantes-maternelles\/\">Continue reading<\/a><\/p>\n","protected":false},"author":1,"featured_media":0,"parent":0,"menu_order":0,"comment_status":"closed","ping_status":"closed","template":"","meta":{"footnotes":""},"class_list":["post-150","page","type-page","status-publish","hentry"],"_links":{"self":[{"href":"https:\/\/noyalsurbrutz.fr\/index.php\/wp-json\/wp\/v2\/pages\/150","targetHints":{"allow":["GET"]}}],"collection":[{"href":"https:\/\/noyalsurbrutz.fr\/index.php\/wp-json\/wp\/v2\/pages"}],"about":[{"href":"https:\/\/noyalsurbrutz.fr\/index.php\/wp-json\/wp\/v2\/types\/page"}],"author":[{"embeddable":true,"href":"https:\/\/noyalsurbrutz.fr\/index.php\/wp-json\/wp\/v2\/users\/1"}],"replies":[{"embeddable":true,"href":"https:\/\/noyalsurbrutz.fr\/index.php\/wp-json\/wp\/v2\/comments?post=150"}],"version-history":[{"count":20,"href":"https:\/\/noyalsurbrutz.fr\/index.php\/wp-json\/wp\/v2\/pages\/150\/revisions"}],"predecessor-version":[{"id":1573,"href":"https:\/\/noyalsurbrutz.fr\/index.php\/wp-json\/wp\/v2\/pages\/150\/revisions\/1573"}],"wp:attachment":[{"href":"https:\/\/noyalsurbrutz.fr\/index.php\/wp-json\/wp\/v2\/media?parent=150"}],"curies":[{"name":"wp","href":"https:\/\/api.w.org\/{rel}","templated":true}]}}