{"id":151,"date":"2017-08-02T10:17:47","date_gmt":"2017-08-02T08:17:47","guid":{"rendered":"http:\/\/noyalsurbrutz.fr\/?page_id=151"},"modified":"2023-03-13T17:23:25","modified_gmt":"2023-03-13T16:23:25","slug":"garderie-periscolaire","status":"publish","type":"page","link":"https:\/\/noyalsurbrutz.fr\/index.php\/garderie-periscolaire\/","title":{"rendered":"Garderie P\u00e9riscolaire"},"content":{"rendered":"<h2><a href=\"https:\/\/noyalsurbrutz.fr\/wp-content\/uploads\/2017\/08\/REGLEMENT-APS-2020-2021.pdf\"><img loading=\"lazy\" decoding=\"async\" class=\"wp-image-1213 alignleft\" src=\"https:\/\/noyalsurbrutz.fr\/wp-content\/uploads\/2017\/08\/garderie-1024x388.png\" alt=\"\" width=\"769\" height=\"291\" srcset=\"https:\/\/noyalsurbrutz.fr\/wp-content\/uploads\/2017\/08\/garderie-1024x388.png 1024w, https:\/\/noyalsurbrutz.fr\/wp-content\/uploads\/2017\/08\/garderie-300x114.png 300w, https:\/\/noyalsurbrutz.fr\/wp-content\/uploads\/2017\/08\/garderie-768x291.png 768w, https:\/\/noyalsurbrutz.fr\/wp-content\/uploads\/2017\/08\/garderie-900x341.png 900w, https:\/\/noyalsurbrutz.fr\/wp-content\/uploads\/2017\/08\/garderie-150x57.png 150w\" sizes=\"auto, (max-width: 769px) 100vw, 769px\" \/><\/a><\/h2>\n<p>Le Conseil Municipal a fix\u00e9 les horaires d\u2019ouverture<strong> les lundi, mardi, jeudi et vendredi de 7 heures 30 \u00e0 9 heures et de 16h30 \u00e0 18h30.<br \/>\n<\/strong><\/p>\n<p>R\u00e8glement Int\u00e9rieur disponible en cliquant sur le lien ci dessous :<\/p>\n<h2>\u00a0<a href=\"https:\/\/noyalsurbrutz.fr\/wp-content\/uploads\/2017\/08\/REGLEMENT-APS-2022-2023.pdf\">REGLEMENT APS 2022-2023<\/a><\/h2>\n<p>Les parents pourront amener leur(s) enfant(s) \u00e0 l\u2019heure qui leur conviendra. Ils doivent les accompagner jusqu\u2019\u00e0 l\u2019accueil et veilleront \u00e0 respecter strictement les horaires d\u2019ouverture et de fermeture pour la bonne marche du service.<\/p>\n<table style=\"height: 395px;\" width=\"540\">\n<tbody>\n<tr>\n<td>Tranches<\/td>\n<td>Bar\u00e8me des Quotients familiaux<\/td>\n<td>Tarif horaire<\/td>\n<\/tr>\n<tr>\n<td>Tranche 1<\/td>\n<td>Inf\u00e9rieur \u00e0 400 \u20ac<\/td>\n<td>0,96 \u20ac<\/td>\n<\/tr>\n<tr>\n<td>Tranche 2<\/td>\n<td>Entre 400 \u20ac et 650 \u20ac<\/td>\n<td>1,09 \u20ac<\/td>\n<\/tr>\n<tr>\n<td>Tranche 3<\/td>\n<td>Entre 651 \u20ac et 950 \u20ac<\/td>\n<td>1,21 \u20ac<\/td>\n<\/tr>\n<tr>\n<td>Tranche 4<\/td>\n<td>Entre 951 \u20ac et 1\u00a0250 \u20ac<\/td>\n<td>1,30 \u20ac<\/td>\n<\/tr>\n<tr>\n<td>Tranche 5<\/td>\n<td>Sup\u00e9rieur \u00e0 1\u00a0250 \u20ac<\/td>\n<td>1,46 \u20ac<\/td>\n<\/tr>\n<\/tbody>\n<\/table>\n<p><strong>Les familles <\/strong><strong>doivent imp\u00e9rativement signaler \u00e0 l&rsquo;animatrice le d\u00e9part du<\/strong><strong>(des) enfant(s). Si l&rsquo;enfant est autoris\u00e9 \u00e0 partir seul, les parents doivent le signaler par \u00e9crit lors de l&rsquo;inscription.<\/strong><\/p>\n<h4><span style=\"color: #ff0000;\"><img loading=\"lazy\" decoding=\"async\" class=\"size-medium wp-image-1216 alignleft\" src=\"https:\/\/noyalsurbrutz.fr\/wp-content\/uploads\/2017\/08\/180823-010829-permanences-inscriptions-cantine-et-garderie-i-300x202.png\" alt=\"\" width=\"300\" height=\"202\" srcset=\"https:\/\/noyalsurbrutz.fr\/wp-content\/uploads\/2017\/08\/180823-010829-permanences-inscriptions-cantine-et-garderie-i-300x202.png 300w, https:\/\/noyalsurbrutz.fr\/wp-content\/uploads\/2017\/08\/180823-010829-permanences-inscriptions-cantine-et-garderie-i-768x516.png 768w, https:\/\/noyalsurbrutz.fr\/wp-content\/uploads\/2017\/08\/180823-010829-permanences-inscriptions-cantine-et-garderie-i-521x350.png 521w, https:\/\/noyalsurbrutz.fr\/wp-content\/uploads\/2017\/08\/180823-010829-permanences-inscriptions-cantine-et-garderie-i-150x101.png 150w, https:\/\/noyalsurbrutz.fr\/wp-content\/uploads\/2017\/08\/180823-010829-permanences-inscriptions-cantine-et-garderie-i.png 1000w\" sizes=\"auto, (max-width: 300px) 100vw, 300px\" \/>Les r\u00e9servations \u00e0 l&rsquo;APS, peuvent se faire soit en d\u00e9but d&rsquo;ann\u00e9e lors du d\u00e9p\u00f4t du dossier d&rsquo;inscription, ou de mani\u00e8re occasionnelle sur le portail famille. <strong>En cliquant <\/strong>sur le bouton ci dessous.<\/span><\/h4>\n<p><a href=\"https:\/\/portail.berger-levrault.fr\/MairieNoyalSurBrutz44110\/accueil\"><img loading=\"lazy\" decoding=\"async\" class=\"wp-image-1060 aligncenter\" src=\"https:\/\/noyalsurbrutz.fr\/wp-content\/uploads\/2017\/08\/Image2-1-300x300.png\" alt=\"\" width=\"173\" height=\"173\" srcset=\"https:\/\/noyalsurbrutz.fr\/wp-content\/uploads\/2017\/08\/Image2-1-300x300.png 300w, https:\/\/noyalsurbrutz.fr\/wp-content\/uploads\/2017\/08\/Image2-1-150x150.png 150w, https:\/\/noyalsurbrutz.fr\/wp-content\/uploads\/2017\/08\/Image2-1-350x350.png 350w, https:\/\/noyalsurbrutz.fr\/wp-content\/uploads\/2017\/08\/Image2-1.png 695w\" sizes=\"auto, (max-width: 173px) 100vw, 173px\" \/><\/a><\/p>\n<p>&nbsp;<\/p>\n<p>&nbsp;<\/p>\n<h2><\/h2>\n<h2 style=\"text-align: center;\"><\/h2>\n","protected":false},"excerpt":{"rendered":"<p>Le Conseil Municipal a fix\u00e9 les horaires d\u2019ouverture les lundi, mardi, jeudi et vendredi de 7 heures 30 \u00e0 9 heures et de 16h30 \u00e0 18h30. R\u00e8glement Int\u00e9rieur disponible en cliquant sur le lien ci dessous : \u00a0REGLEMENT APS 2022-2023 Les parents pourront amener leur(s) enfant(s) \u00e0 l\u2019heure qui leur\u2026 <a class=\"continue-reading-link\" href=\"https:\/\/noyalsurbrutz.fr\/index.php\/garderie-periscolaire\/\">Continue reading<\/a><\/p>\n","protected":false},"author":1,"featured_media":0,"parent":0,"menu_order":0,"comment_status":"closed","ping_status":"closed","template":"","meta":{"footnotes":""},"class_list":["post-151","page","type-page","status-publish","hentry"],"_links":{"self":[{"href":"https:\/\/noyalsurbrutz.fr\/index.php\/wp-json\/wp\/v2\/pages\/151","targetHints":{"allow":["GET"]}}],"collection":[{"href":"https:\/\/noyalsurbrutz.fr\/index.php\/wp-json\/wp\/v2\/pages"}],"about":[{"href":"https:\/\/noyalsurbrutz.fr\/index.php\/wp-json\/wp\/v2\/types\/page"}],"author":[{"embeddable":true,"href":"https:\/\/noyalsurbrutz.fr\/index.php\/wp-json\/wp\/v2\/users\/1"}],"replies":[{"embeddable":true,"href":"https:\/\/noyalsurbrutz.fr\/index.php\/wp-json\/wp\/v2\/comments?post=151"}],"version-history":[{"count":39,"href":"https:\/\/noyalsurbrutz.fr\/index.php\/wp-json\/wp\/v2\/pages\/151\/revisions"}],"predecessor-version":[{"id":1541,"href":"https:\/\/noyalsurbrutz.fr\/index.php\/wp-json\/wp\/v2\/pages\/151\/revisions\/1541"}],"wp:attachment":[{"href":"https:\/\/noyalsurbrutz.fr\/index.php\/wp-json\/wp\/v2\/media?parent=151"}],"curies":[{"name":"wp","href":"https:\/\/api.w.org\/{rel}","templated":true}]}}