{"id":152,"date":"2017-08-02T10:17:47","date_gmt":"2017-08-02T08:17:47","guid":{"rendered":"http:\/\/noyalsurbrutz.fr\/?page_id=152"},"modified":"2023-03-13T17:22:19","modified_gmt":"2023-03-13T16:22:19","slug":"cantine","status":"publish","type":"page","link":"https:\/\/noyalsurbrutz.fr\/index.php\/cantine\/","title":{"rendered":"Cantine"},"content":{"rendered":"<h2>\u00a0<img loading=\"lazy\" decoding=\"async\" class=\"size-medium wp-image-1224 alignleft\" src=\"https:\/\/noyalsurbrutz.fr\/wp-content\/uploads\/2017\/08\/logo-cantine-2-2-300x87.png\" alt=\"\" width=\"300\" height=\"87\" srcset=\"https:\/\/noyalsurbrutz.fr\/wp-content\/uploads\/2017\/08\/logo-cantine-2-2-300x87.png 300w, https:\/\/noyalsurbrutz.fr\/wp-content\/uploads\/2017\/08\/logo-cantine-2-2-768x223.png 768w, https:\/\/noyalsurbrutz.fr\/wp-content\/uploads\/2017\/08\/logo-cantine-2-2-1024x298.png 1024w, https:\/\/noyalsurbrutz.fr\/wp-content\/uploads\/2017\/08\/logo-cantine-2-2-900x262.png 900w, https:\/\/noyalsurbrutz.fr\/wp-content\/uploads\/2017\/08\/logo-cantine-2-2-150x44.png 150w, https:\/\/noyalsurbrutz.fr\/wp-content\/uploads\/2017\/08\/logo-cantine-2-2.png 1695w\" sizes=\"auto, (max-width: 300px) 100vw, 300px\" \/><\/h2>\n<p>Les Menus de la cantine sont \u00e9labor\u00e9s par Elisabeth VEILLON, avec la collaboration b\u00e9n\u00e9vole de Mme Florence EVENO Di\u00e9t\u00e9ticienne-Nutritionniste.<\/p>\n<p>Un Plan Alimentaire a \u00e9t\u00e9 \u00e9labor\u00e9. Chaque menu r\u00e9pond \u00e0 ce programme.<\/p>\n<p>Chaque repas est cuisin\u00e9 sur place. Les denr\u00e9es alimentaires sont fournis par un r\u00e9seau de producteurs locaux.<\/p>\n<p><img loading=\"lazy\" decoding=\"async\" class=\"size-medium wp-image-417 alignright\" src=\"https:\/\/noyalsurbrutz.fr\/wp-content\/uploads\/2017\/08\/DSC_0779-300x201.jpg\" alt=\"\" width=\"300\" height=\"201\" srcset=\"https:\/\/noyalsurbrutz.fr\/wp-content\/uploads\/2017\/08\/DSC_0779-300x201.jpg 300w, https:\/\/noyalsurbrutz.fr\/wp-content\/uploads\/2017\/08\/DSC_0779-768x515.jpg 768w, https:\/\/noyalsurbrutz.fr\/wp-content\/uploads\/2017\/08\/DSC_0779-1024x686.jpg 1024w, https:\/\/noyalsurbrutz.fr\/wp-content\/uploads\/2017\/08\/DSC_0779-522x350.jpg 522w, https:\/\/noyalsurbrutz.fr\/wp-content\/uploads\/2017\/08\/DSC_0779-150x101.jpg 150w\" sizes=\"auto, (max-width: 300px) 100vw, 300px\" \/><\/p>\n<h1>\u00a0TARIFS : 4,15\u20ac le repas<\/h1>\n<h5><span style=\"color: #ff0000;\">Pour qu\u2019un enfant puisse d\u00e9jeuner au restaurant scolaire, le repas doit \u00eatre r\u00e9serv\u00e9 sur le portail famille, soit en d\u00e9but d\u2019ann\u00e9e, soit de mani\u00e8re occasionnelle, en cliquant sur le bouton ci dessous et en se connectant \u00e0 son espace famille personnel.<\/span><\/h5>\n<p><em><u>R\u00e9servation \u00e0 l\u2019ann\u00e9e\u00a0: <\/u><\/em><\/p>\n<p><img loading=\"lazy\" decoding=\"async\" class=\"wp-image-643 alignright\" src=\"https:\/\/noyalsurbrutz.fr\/wp-content\/uploads\/2017\/08\/PETITS-PLATS-CANTINE-1024x576.jpg\" alt=\"\" width=\"364\" height=\"205\" srcset=\"https:\/\/noyalsurbrutz.fr\/wp-content\/uploads\/2017\/08\/PETITS-PLATS-CANTINE-1024x576.jpg 1024w, https:\/\/noyalsurbrutz.fr\/wp-content\/uploads\/2017\/08\/PETITS-PLATS-CANTINE-300x169.jpg 300w, https:\/\/noyalsurbrutz.fr\/wp-content\/uploads\/2017\/08\/PETITS-PLATS-CANTINE-768x432.jpg 768w, https:\/\/noyalsurbrutz.fr\/wp-content\/uploads\/2017\/08\/PETITS-PLATS-CANTINE-622x350.jpg 622w, https:\/\/noyalsurbrutz.fr\/wp-content\/uploads\/2017\/08\/PETITS-PLATS-CANTINE-150x84.jpg 150w\" sizes=\"auto, (max-width: 364px) 100vw, 364px\" \/><\/p>\n<p>Les parents peuvent r\u00e9server les repas de leurs enfants, \u00e0 l\u2019ann\u00e9e, s\u2019ils fr\u00e9quentent, 1, 2, 3 ou 4 jours par semaine, \u00e0 condition qu\u2019il y ait <strong><u>r\u00e9gularit\u00e9<\/u><\/strong> dans le nombre de jours de pr\u00e9sence.<\/p>\n<p>Le r\u00e8glement int\u00e9rieur est disponible en cliquant sur le lien ci dessous<\/p>\n<p><a href=\"https:\/\/noyalsurbrutz.fr\/wp-content\/uploads\/2017\/08\/REGLEMENT-CANTINE-2022-2023-1.pdf\">REGLEMENT CANTINE 2022-2023<\/a><\/p>\n<h4><span style=\"color: #ff0000;\"><em><u>R\u00e9servation occasionnelle ou irr\u00e9guli\u00e8re<\/u><\/em><\/span><\/h4>\n<h4><span style=\"color: #ff0000;\">Les <u>r\u00e9servations<\/u> occasionnelles ou suppl\u00e9mentaires non pr\u00e9vues pourront \u00eatre prises. En r\u00e9servant sur le portail famille <strong>en cliquant<\/strong> sur le bouton ci dessous <strong><u>au plus tard 21h la veille<\/u><\/strong>. Toute r\u00e9servation hors d\u00e9lai ne sera pas prise en compte.<\/span><\/h4>\n<p><a href=\"https:\/\/portail.berger-levrault.fr\/MairieNoyalSurBrutz44110\/accueil\"><img loading=\"lazy\" decoding=\"async\" class=\"wp-image-1060 aligncenter\" src=\"https:\/\/noyalsurbrutz.fr\/wp-content\/uploads\/2017\/08\/Image2-1-300x300.png\" alt=\"\" width=\"179\" height=\"179\" srcset=\"https:\/\/noyalsurbrutz.fr\/wp-content\/uploads\/2017\/08\/Image2-1-300x300.png 300w, https:\/\/noyalsurbrutz.fr\/wp-content\/uploads\/2017\/08\/Image2-1-150x150.png 150w, https:\/\/noyalsurbrutz.fr\/wp-content\/uploads\/2017\/08\/Image2-1-350x350.png 350w, https:\/\/noyalsurbrutz.fr\/wp-content\/uploads\/2017\/08\/Image2-1.png 695w\" sizes=\"auto, (max-width: 179px) 100vw, 179px\" \/><\/a><\/p>\n<p>&nbsp;<\/p>\n<p><img loading=\"lazy\" decoding=\"async\" class=\" wp-image-1290 alignleft\" src=\"https:\/\/noyalsurbrutz.fr\/wp-content\/uploads\/2017\/08\/menus.jpg\" alt=\"\" width=\"276\" height=\"238\" srcset=\"https:\/\/noyalsurbrutz.fr\/wp-content\/uploads\/2017\/08\/menus.jpg 225w, https:\/\/noyalsurbrutz.fr\/wp-content\/uploads\/2017\/08\/menus-150x129.jpg 150w\" sizes=\"auto, (max-width: 276px) 100vw, 276px\" \/><\/p>\n<p>&nbsp;<\/p>\n<p><strong>Les Menus sont affich\u00e9s \u00e0 l&rsquo;\u00e9cole<\/strong><\/p>\n<p>&nbsp;<\/p>\n<div class=\"field field-name-field-chapo field-type-text-long field-label-hidden\">\n<div class=\"field-items\">\n<div class=\"field-item even\"><strong><em>Conform\u00e9ment \u00e0 la loi EGalim, toute la restauration scolaire \u2013 de la maternelle au lyc\u00e9e \u2013 doit proposer au moins un menu v\u00e9g\u00e9tarien par semaine depuis le 1er novembre 2019. C&rsquo;est-\u00e0-dire un menu unique (ou un menu alternatif dans le cas ou plusieurs menus sont propos\u00e9s) \u00e0 base de prot\u00e9ines v\u00e9g\u00e9tales pouvant \u00e9galement comporter des \u0153ufs ou des produits laitiers.<\/em><\/strong><\/div>\n<div><\/div>\n<\/div>\n<\/div>\n<div class=\"field field-name-body field-type-text-with-summary field-label-hidden\">\n<div class=\"field-items\">\n<div class=\"field-item even\"><strong><em>Cette mesure, d&rsquo;abord men\u00e9e \u00e0 titre exp\u00e9rimentale pendant deux ans, fait partie des 5 grandes dispositions de la <a tabindex=\"0\" title=\"loi EGalim\" href=\"https:\/\/agriculture.gouv.fr\/egalim-ce-que-contient-la-loi-agriculture-et-alimentation\">loi EGalim<\/a> dans le domaine de la restauration collective. Un secteur qui, avec 3,5 milliards de repas par an, repr\u00e9sente un levier majeur pour faire \u00e9voluer les pratiques alimentaires.Cette mesure s&rsquo;inscrit \u00e9galement dans le cadre du nouveau Programme national pour l&rsquo;alimentation (<a tabindex=\"0\" title=\"PNA3\" href=\"https:\/\/agriculture.gouv.fr\/programme-national-pour-lalimentation-2019-2023-territoires-en-action\">PNA3<\/a>), dont l&rsquo;un des objectifs est la promotion des prot\u00e9ines v\u00e9g\u00e9tales en restauration collective (action 24)<\/em><\/strong><\/div>\n<\/div>\n<\/div>\n<p>&nbsp;<\/p>\n<h4><\/h4>\n<h4><\/h4>\n<h4><\/h4>\n<h2><\/h2>\n","protected":false},"excerpt":{"rendered":"<p>\u00a0 Les Menus de la cantine sont \u00e9labor\u00e9s par Elisabeth VEILLON, avec la collaboration b\u00e9n\u00e9vole de Mme Florence EVENO Di\u00e9t\u00e9ticienne-Nutritionniste. Un Plan Alimentaire a \u00e9t\u00e9 \u00e9labor\u00e9. Chaque menu r\u00e9pond \u00e0 ce programme. Chaque repas est cuisin\u00e9 sur place. Les denr\u00e9es alimentaires sont fournis par un r\u00e9seau de producteurs locaux. \u00a0TARIFS\u2026 <a class=\"continue-reading-link\" href=\"https:\/\/noyalsurbrutz.fr\/index.php\/cantine\/\">Continue reading<\/a><\/p>\n","protected":false},"author":1,"featured_media":0,"parent":0,"menu_order":0,"comment_status":"closed","ping_status":"closed","template":"","meta":{"footnotes":""},"class_list":["post-152","page","type-page","status-publish","hentry"],"_links":{"self":[{"href":"https:\/\/noyalsurbrutz.fr\/index.php\/wp-json\/wp\/v2\/pages\/152","targetHints":{"allow":["GET"]}}],"collection":[{"href":"https:\/\/noyalsurbrutz.fr\/index.php\/wp-json\/wp\/v2\/pages"}],"about":[{"href":"https:\/\/noyalsurbrutz.fr\/index.php\/wp-json\/wp\/v2\/types\/page"}],"author":[{"embeddable":true,"href":"https:\/\/noyalsurbrutz.fr\/index.php\/wp-json\/wp\/v2\/users\/1"}],"replies":[{"embeddable":true,"href":"https:\/\/noyalsurbrutz.fr\/index.php\/wp-json\/wp\/v2\/comments?post=152"}],"version-history":[{"count":85,"href":"https:\/\/noyalsurbrutz.fr\/index.php\/wp-json\/wp\/v2\/pages\/152\/revisions"}],"predecessor-version":[{"id":1539,"href":"https:\/\/noyalsurbrutz.fr\/index.php\/wp-json\/wp\/v2\/pages\/152\/revisions\/1539"}],"wp:attachment":[{"href":"https:\/\/noyalsurbrutz.fr\/index.php\/wp-json\/wp\/v2\/media?parent=152"}],"curies":[{"name":"wp","href":"https:\/\/api.w.org\/{rel}","templated":true}]}}