{"id":172,"date":"2017-08-02T10:24:50","date_gmt":"2017-08-02T08:24:50","guid":{"rendered":"http:\/\/noyalsurbrutz.fr\/?page_id=172"},"modified":"2017-10-19T08:38:00","modified_gmt":"2017-10-19T06:38:00","slug":"cartes-grises","status":"publish","type":"page","link":"https:\/\/noyalsurbrutz.fr\/index.php\/cartes-grises\/","title":{"rendered":"Cartes Grises"},"content":{"rendered":"<p><strong><img loading=\"lazy\" decoding=\"async\" class=\"size-full wp-image-540 alignleft\" src=\"https:\/\/noyalsurbrutz.fr\/wp-content\/uploads\/2017\/08\/images.jpg\" alt=\"\" width=\"275\" height=\"183\" srcset=\"https:\/\/noyalsurbrutz.fr\/wp-content\/uploads\/2017\/08\/images.jpg 275w, https:\/\/noyalsurbrutz.fr\/wp-content\/uploads\/2017\/08\/images-150x100.jpg 150w\" sizes=\"auto, (max-width: 275px) 100vw, 275px\" \/>Depuis le 2 octobre 2017, dans les d\u00e9partements 08, 10, 21, 25, 39, 51, 52, 54, 55, 57, 58, 67, 68, 70, 71, 77, 88, 89, 90, 94, les demandes de carte grise se font uniquement en ligne, et non plus en pr\u00e9fecture.<\/strong><\/p>\n<p><strong>Cette d\u00e9mat\u00e9rialisation sera \u00e9tendue \u00e0 tous les autres d\u00e9partements <span style=\"color: #ff0000;\">le 6 novembre 2017<\/span>.<\/strong><\/p>\n<p>Pour immatriculer un v\u00e9hicule que vous venez d&rsquo;acheter (neuf ou occasion), vous pouvez toujours faire appel \u00e0 un <a href=\"https:\/\/www.service-public.fr\/particuliers\/vosdroits\/F20324\">professionnel de l&rsquo;automobile habilit\u00e9<\/a>.<\/p>\n<p>Avant de circuler sur la voie publique, tous les v\u00e9hicules terrestres \u00e0 moteur (voitures particuli\u00e8res, 2 roues et scooters (y compris les moins de 50 cm<sup>3<\/sup>), moto, quad, cyclomoteurs, tricycles, quadricycles, camping-cars, camionnettes, tracteurs et autres engins agricoles), ainsi que les remorques dont le poids total autoris\u00e9 en charge (PTAC) est sup\u00e9rieur \u00e0 500 kg (y compris les remorques agricoles), doivent \u00eatre immatricul\u00e9s.<img loading=\"lazy\" decoding=\"async\" class=\"size-full wp-image-542 alignright\" src=\"https:\/\/noyalsurbrutz.fr\/wp-content\/uploads\/2017\/08\/images.png\" alt=\"\" width=\"285\" height=\"177\" srcset=\"https:\/\/noyalsurbrutz.fr\/wp-content\/uploads\/2017\/08\/images.png 285w, https:\/\/noyalsurbrutz.fr\/wp-content\/uploads\/2017\/08\/images-150x93.png 150w\" sizes=\"auto, (max-width: 285px) 100vw, 285px\" \/><\/p>\n<h3>IMMATRICULATION D&rsquo;UN V\u00c9HICULE NEUF (Dossier par courrier \u00e0 la Pr\u00e9fecture)<\/h3>\n<p>Vous avez 1 mois pour faire la d\u00e9marche. Apr\u00e8s, vous risquez une amende pouvant aller jusqu&rsquo;\u00e0 <span class=\"prix\">750\u00a0\u20ac<\/span> (en g\u00e9n\u00e9ral, amende forfaitaire de <span class=\"prix\">135\u00a0\u20ac<\/span>).<\/p>\n<p><strong>V\u00e9rifiez auparavant<\/strong> sur le site internet de la pr\u00e9fecture ou aupr\u00e8s de son standard t\u00e9l\u00e9phonique comment la d\u00e9marche peut \u00eatre accomplie. En effet, elle peut parfois \u00eatre effectu\u00e9e uniquement sur place ou simplement par courrier et certaines sous-pr\u00e9fectures ne s&rsquo;occupent plus de l&rsquo;immatriculation des v\u00e9hicules.<\/p>\n<p>Vous pouvez g\u00e9n\u00e9ralement adresser votre dossier \u00e0 la pr\u00e9fecture (ou la sous-pr\u00e9fecture) de votre choix, pas n\u00e9cessairement celle de votre d\u00e9partement.<\/p>\n<p>Vous devez envoyer votre dossier comprenant\u00a0:<\/p>\n<ul>\n<li>Demande de certificat <span class=\"expression\"><em>3 en 1<\/em><\/span>\u00a0(<a href=\"https:\/\/www.service-public.fr\/particuliers\/vosdroits\/R14220\">cerfa n\u00b013749*04<\/a>) qui sert \u00e0 la fois de demande d&rsquo;immatriculation, de justificatif fiscal, de certificat de conformit\u00e9 et de certificat de vente<\/li>\n<\/ul>\n<ul>\n<li>Copie d&rsquo;un <a href=\"https:\/\/www.service-public.fr\/particuliers\/vosdroits\/F31853\">justificatif d&rsquo;identit\u00e9<\/a>, une par cotitulaire<\/li>\n<li>Copie d&rsquo;un <a href=\"https:\/\/www.service-public.fr\/particuliers\/vosdroits\/F1028\">justificatif de domicile<\/a>, ou en cas de cotitulaires, du justificatif de celui dont l&rsquo;adresse va figurer sur la carte grise<\/li>\n<\/ul>\n<ul>\n<li><a href=\"https:\/\/www.service-public.fr\/particuliers\/vosdroits\/R39696\">Co\u00fbt de la carte grise<\/a> en ch\u00e8que (v\u00e9rifiez l&rsquo;ordre sur le site de la pr\u00e9fecture)<\/li>\n<\/ul>\n<p>Une fois votre demande de carte grise enregistr\u00e9e, vous recevrez un <a href=\"https:\/\/www.service-public.fr\/particuliers\/vosdroits\/F16542\">certificat provisoire d&rsquo;immatriculation (CPI)<\/a> sous un d\u00e9lai variable selon le lieu g\u00e9ographique de la demande.<\/p>\n<p>Ce document vous permet de circuler pendant un mois (en France uniquement) en attendant de recevoir votre certificat d\u00e9finitif.<\/p>\n<h3>IMMATRICULER UN V\u00c9HICULE D&rsquo;OCCASION (Dossier par courrier \u00e0 la Pr\u00e9fecture)<\/h3>\n<p>Vous devez transmettre les documents suivants\u00a0:<\/p>\n<ul>\n<li>Carte grise du v\u00e9hicule, barr\u00e9e avec la mention <span class=\"citation\">\u00ab <em>Vendu le (jour\/mois\/ann\u00e9e) <\/em> \u00bb<\/span> ou <span class=\"citation\">\u00ab <em>C\u00e9d\u00e9 le (jour\/mois\/ann\u00e9e)<\/em> \u00bb<\/span> , avec la signature de l&rsquo;ancien propri\u00e9taire (ou de tous les cotitulaires s&rsquo;il y en avait). Si la carte grise comporte un <a href=\"https:\/\/www.service-public.fr\/particuliers\/vosdroits\/F33082\">coupon d\u00e9tachable<\/a>, vous pouvez le compl\u00e9ter et le conserver. Il vous permettra de circuler pendant 1 mois (en France uniquement) en attendant votre carte grise d\u00e9finitive.<\/li>\n<\/ul>\n<ul>\n<li>Copie d&rsquo;un <a href=\"https:\/\/www.service-public.fr\/particuliers\/vosdroits\/F31853\">justificatif d&rsquo;identit\u00e9<\/a>, une par cotitulaire<\/li>\n<li>Copie d&rsquo;un <a href=\"https:\/\/www.service-public.fr\/particuliers\/vosdroits\/F1028\">justificatif de domicile<\/a>, ou en cas de cotitulaires, du justificatif de celui dont l&rsquo;adresse va figurer sur la carte grise<\/li>\n<\/ul>\n<ul>\n<li><a href=\"https:\/\/www.service-public.fr\/particuliers\/vosdroits\/R39696\">Co\u00fbt de la carte grise<\/a> en ch\u00e8que (v\u00e9rifiez l&rsquo;ordre sur le site de la pr\u00e9fecture)<\/li>\n<\/ul>\n<ul>\n<li>Copie de la <a href=\"https:\/\/www.service-public.fr\/particuliers\/vosdroits\/F2878\">preuve du contr\u00f4le technique<\/a> si le v\u00e9hicule a plus de 4 ans et <a href=\"https:\/\/www.service-public.fr\/particuliers\/vosdroits\/F2880\">n&rsquo;en est pas dispens\u00e9.<\/a> Le contr\u00f4le doit avoir moins de 6 mois (2 mois si une <dfn><a title=\"contre-visite : Second examen n\u00e9cessaire pour v\u00e9rifier si les points d\u00e9fectueux d\u00e9tect\u00e9s lors de la visite initiale du v\u00e9hicule ont \u00e9t\u00e9 r\u00e9par\u00e9s\" href=\"https:\/\/www.service-public.fr\/particuliers\/glossaire\/R12140\" data-definition=\"R12140\" data-xiti-name=\"Particuliers::Vos_droits::Navigation_Directe::contre-visite\">contre-visite<\/a><\/dfn> a \u00e9t\u00e9 prescrite) et doit avoir \u00e9t\u00e9 fait en France.<\/li>\n<\/ul>\n<p>Le contr\u00f4le technique doit dater de moins de 6 mois le jour de la demande de carte grise\u00a0: si le d\u00e9lai est d\u00e9pass\u00e9, il faudra r\u00e9aliser un nouveau contr\u00f4le \u00e0 vos frais.<\/p>\n<ul>\n<li>Formulaire <a href=\"https:\/\/www.service-public.fr\/particuliers\/vosdroits\/R13567\">cerfa n\u00b013750*05<\/a><\/li>\n<\/ul>\n<ul>\n<li>Formulaire <a href=\"https:\/\/www.service-public.fr\/particuliers\/vosdroits\/R20300\">cerfa n\u00b015776*01<\/a> de d\u00e9claration de cession du v\u00e9hicule rempli et sign\u00e9 par l&rsquo;ancien et le nouveau propri\u00e9taire (s&rsquo;il y a plusieurs cotitulaires, chacun doit le signer). Si vous avez perdu le formulaire rempli et sign\u00e9, vous devrez vous contacter le vendeur pour refaire le formulaire ou \u00e9tablir une facture.<\/li>\n<\/ul>\n<p>L&rsquo;administration est susceptible de vous demander une copie de l&rsquo;attestation d&rsquo;assurance du v\u00e9hicule et du permis de conduire correspondant \u00e0 la cat\u00e9gorie du v\u00e9hicule \u00e0 immatriculer.<\/p>\n<p>Si vous avez perdu la carte grise avant d&rsquo;entamer vos d\u00e9marches, vous devez compl\u00e9ter le formulaire <a href=\"https:\/\/www.service-public.fr\/particuliers\/vosdroits\/R1417\">cerfa n\u00b013753*04<\/a> de perte.<\/p>\n<p>Si on vous l&rsquo;a vol\u00e9, compl\u00e9tez le formulaire de d\u00e9claration de perte\/vol <a href=\"https:\/\/www.service-public.fr\/particuliers\/vosdroits\/R1417\">cerfa n\u00b013753*04<\/a>. D\u00e9clarez ensuite le vol \u00e0 la gendarmerie ou au commissariat de police de votre domicile ou du lieu du vol, qui apposera un cachet sur votre formulaire.<\/p>\n<p>Dans les 2 cas, contactez ensuite le vendeur de votre v\u00e9hicule pour qu&rsquo;il fasse une demande de duplicata de la carte grise.<\/p>\n<h3>CHANGEMENT D&rsquo;ADRESSE SUR LA CARTE GRISE<\/h3>\n<p style=\"text-align: left;\">S&rsquo;il s&rsquo;agit du 1<sup>er<\/sup>, 2<sup>e<\/sup> ou 3<sup>e<\/sup> changement d&rsquo;adresse sur votre carte grise depuis l&rsquo;obtention de l&rsquo;immatriculation SIV, vous devez demander la fabrication d&rsquo;une \u00e9tiquette. Celle-ci mentionnera votre nouvelle adresse. Elle vous sera adress\u00e9e par la Poste \u00e0 cette nouvelle adresse et vous devrez la coller sur votre carte grise \u00e0 l&#8217;emplacement pr\u00e9vu.<\/p>\n<p>ous devez envoyer les documents suivants\u00a0:<\/p>\n<ul>\n<li>Formulaire <a href=\"https:\/\/www.service-public.fr\/particuliers\/vosdroits\/R13567\">cerfa n\u00b013750*05<\/a><\/li>\n<li>Copie d&rsquo;un <a href=\"https:\/\/www.service-public.fr\/particuliers\/vosdroits\/F31853\">justificatif d&rsquo;identit\u00e9<\/a>, une par cotitulaire<\/li>\n<li>Copie d&rsquo;un <a href=\"https:\/\/www.service-public.fr\/particuliers\/vosdroits\/F1028\">justificatif de domicile<\/a>, ou en cas de cotitulaires, du justificatif de celui dont l&rsquo;adresse va figurer sur la carte grise<\/li>\n<li>Copie de la carte grise originale.<\/li>\n<\/ul>\n<p>Le co\u00fbt de l&rsquo;\u00e9tiquette est gratuit.<\/p>\n<h3>POUR PLUS D&rsquo;INFORMATIONS : <a href=\"https:\/\/www.service-public.fr\/particuliers\/vosdroits\/N367\">servicepublic.fr <\/a><\/h3>\n","protected":false},"excerpt":{"rendered":"<p>Depuis le 2 octobre 2017, dans les d\u00e9partements 08, 10, 21, 25, 39, 51, 52, 54, 55, 57, 58, 67, 68, 70, 71, 77, 88, 89, 90, 94, les demandes de carte grise se font uniquement en ligne, et non plus en pr\u00e9fecture. Cette d\u00e9mat\u00e9rialisation sera \u00e9tendue \u00e0 tous les\u2026 <a class=\"continue-reading-link\" href=\"https:\/\/noyalsurbrutz.fr\/index.php\/cartes-grises\/\">Continue reading<\/a><\/p>\n","protected":false},"author":1,"featured_media":0,"parent":0,"menu_order":0,"comment_status":"closed","ping_status":"closed","template":"","meta":{"footnotes":""},"class_list":["post-172","page","type-page","status-publish","hentry"],"_links":{"self":[{"href":"https:\/\/noyalsurbrutz.fr\/index.php\/wp-json\/wp\/v2\/pages\/172","targetHints":{"allow":["GET"]}}],"collection":[{"href":"https:\/\/noyalsurbrutz.fr\/index.php\/wp-json\/wp\/v2\/pages"}],"about":[{"href":"https:\/\/noyalsurbrutz.fr\/index.php\/wp-json\/wp\/v2\/types\/page"}],"author":[{"embeddable":true,"href":"https:\/\/noyalsurbrutz.fr\/index.php\/wp-json\/wp\/v2\/users\/1"}],"replies":[{"embeddable":true,"href":"https:\/\/noyalsurbrutz.fr\/index.php\/wp-json\/wp\/v2\/comments?post=172"}],"version-history":[{"count":10,"href":"https:\/\/noyalsurbrutz.fr\/index.php\/wp-json\/wp\/v2\/pages\/172\/revisions"}],"predecessor-version":[{"id":543,"href":"https:\/\/noyalsurbrutz.fr\/index.php\/wp-json\/wp\/v2\/pages\/172\/revisions\/543"}],"wp:attachment":[{"href":"https:\/\/noyalsurbrutz.fr\/index.php\/wp-json\/wp\/v2\/media?parent=172"}],"curies":[{"name":"wp","href":"https:\/\/api.w.org\/{rel}","templated":true}]}}