{"id":173,"date":"2017-08-02T10:24:50","date_gmt":"2017-08-02T08:24:50","guid":{"rendered":"http:\/\/noyalsurbrutz.fr\/?page_id=173"},"modified":"2017-10-19T08:42:56","modified_gmt":"2017-10-19T06:42:56","slug":"dispositif-de-telealarme","status":"publish","type":"page","link":"https:\/\/noyalsurbrutz.fr\/index.php\/dispositif-de-telealarme\/","title":{"rendered":"Dispositif de t\u00e9l\u00e9alarme"},"content":{"rendered":"<div class=\"wiki\">\n<p class=\"first\"><img loading=\"lazy\" decoding=\"async\" class=\"size-medium wp-image-545 alignleft\" src=\"https:\/\/noyalsurbrutz.fr\/wp-content\/uploads\/2017\/08\/1200px-Logo_cg_loire-atlantique.svg_-300x165.png\" alt=\"\" width=\"300\" height=\"165\" srcset=\"https:\/\/noyalsurbrutz.fr\/wp-content\/uploads\/2017\/08\/1200px-Logo_cg_loire-atlantique.svg_-300x165.png 300w, https:\/\/noyalsurbrutz.fr\/wp-content\/uploads\/2017\/08\/1200px-Logo_cg_loire-atlantique.svg_-768x422.png 768w, https:\/\/noyalsurbrutz.fr\/wp-content\/uploads\/2017\/08\/1200px-Logo_cg_loire-atlantique.svg_-1024x562.png 1024w, https:\/\/noyalsurbrutz.fr\/wp-content\/uploads\/2017\/08\/1200px-Logo_cg_loire-atlantique.svg_-637x350.png 637w, https:\/\/noyalsurbrutz.fr\/wp-content\/uploads\/2017\/08\/1200px-Logo_cg_loire-atlantique.svg_-150x82.png 150w, https:\/\/noyalsurbrutz.fr\/wp-content\/uploads\/2017\/08\/1200px-Logo_cg_loire-atlantique.svg_.png 1200w\" sizes=\"auto, (max-width: 300px) 100vw, 300px\" \/>Le D\u00e9partement propose un service de t\u00e9l\u00e9assistance 7j\/7j et 24h\/24h d\u00e9di\u00e9 aux personnes \u00e2g\u00e9es, handicap\u00e9es ou isol\u00e9es. Le tarif est modulable en fonction des ressources.<\/p>\n<\/div>\n<h3>Pour qui ?<\/h3>\n<div class=\"wysiwyg classic\">\n<p class=\"05texte\">Toute personne \u00e2g\u00e9e, isol\u00e9e, en situation de handicap ou toute personne sortant d\u2019hospitalisation qui souhaite rester \u00e0 son domicile en s\u00e9curit\u00e9 gr\u00e2ce \u00e0 un dispositif d\u2019\u00e9coute et d\u2019assistance. Il n\u2019y a pas de conditions d\u2019\u00e2ge.<\/p>\n<h3><img loading=\"lazy\" decoding=\"async\" src=\"https:\/\/secure.adnxs.com\/px?id=786663&amp;t=2\" alt=\"\" width=\"1\" height=\"1\" \/>Pourquoi ?<\/h3>\n<\/div>\n<div class=\"wysiwyg classic\">\n<ul>\n<li>pour rompre l\u2019isolement des personnes et assurer\u00a0 leur s\u00e9curit\u00e9 en r\u00e9pondant \u00e0 leurs demandes et en contactant, en fonction des situations,\u00a0 les proches ou les services d\u2019urgence adapt\u00e9s gr\u00e2ce \u00e0 un\u00a0 dispositif d\u2019assistance et d\u2019\u00e9coute 24h sur 24, assur\u00e9 par des professionnels,<\/li>\n<\/ul>\n<ul>\n<li>pour favoriser le maintien \u00e0 domicile.<\/li>\n<\/ul>\n<\/div>\n<h3>Description<\/h3>\n<div class=\"wysiwyg classic\">\n<p class=\"05texte\">La t\u00e9l\u00e9assistance assure un service d\u2019assistance et de s\u00e9curit\u00e9 de jour comme de nuit pour les personnes qui souhaitent rester \u00e0 leur domicile.<\/p>\n<p class=\"05texte\">Chaque abonn\u00e9 dispose d\u2019un boitier raccord\u00e9 \u00e0 une ligne t\u00e9l\u00e9phonique. Une pression sur un d\u00e9clencheur (m\u00e9daillon ou montre) met la personne en relation avec le centre d\u2019\u00e9coute t\u00e9l\u00e9assistance et permet de dialoguer sans d\u00e9crocher le t\u00e9l\u00e9phone. Selon la nature de l\u2019appel, les professionnels \u00e9valuent la situation et peuvent contacter ou faire intervenir les proches ou les services d\u2019urgence.<\/p>\n<p>Deux services compl\u00e9mentaires peuvent \u00e9galement \u00eatre propos\u00e9s pour le m\u00eame co\u00fbt :<\/p>\n<ul>\n<li>un d\u00e9tecteur de chute. Int\u00e9gr\u00e9 au d\u00e9clencheur port\u00e9 en m\u00e9daillon, il permet en cas de chute de provoquer automatiquement un appel au centre d&rsquo;\u00e9coute t\u00e9l\u00e9assistance.<\/li>\n<li>un d\u00e9tecteur de fum\u00e9e qui permet, en cas de fum\u00e9e, de d\u00e9clencher une alarme et d&rsquo;envoyer un signal au centre d&rsquo;\u00e9coute.<\/li>\n<\/ul>\n<\/div>\n<h3>Modalit\u00e9s<\/h3>\n<div class=\"wysiwyg classic\">\n<p class=\"05texte\">La t\u00e9l\u00e9assistance peut \u00eatre demand\u00e9e par toute personne \u00e2g\u00e9e, isol\u00e9e, en situation de handicap ou toute personne sortant d\u2019hospitalisation qui souhaite rester \u00e0 son domicile en s\u00e9curit\u00e9 gr\u00e2ce \u00e0 un dispositif d\u2019\u00e9coute et d\u2019assistance. Il n\u2019y a pas de conditions d\u2019\u00e2ge.<\/p>\n<ul>\n<li><span style=\"color: #ff0000;\"><strong>La demande d\u2019installation est \u00e0 formuler aupr\u00e8s de la Mairie<\/strong><\/span>. L\u2019unit\u00e9 personnes \u00e2g\u00e9es-personnes handicap\u00e9es de chaque territoire assure ensuite l\u2019instruction du contrat d\u2019abonnement.<\/li>\n<\/ul>\n<ul>\n<li>La facturation du contrat aupr\u00e8s de l\u2019abonn\u00e9 est r\u00e9alis\u00e9e mensuellement. Deux tarifs sont applicables, un tarif plein et un tarif r\u00e9duit en fonction des ressources de la personne.<\/li>\n<\/ul>\n<ul>\n<li>Une aide financi\u00e8re pour la prise en charge de l\u2019abonnement peut \u00e9galement \u00eatre accord\u00e9e au titre de l\u2019allocation personnalis\u00e9e d\u2019autonomie (APA), de la prestation de compensation du handicap (PCH) ou de l\u2019action sociale de la commune de r\u00e9sidence.<\/li>\n<\/ul>\n<\/div>\n<h2 style=\"text-align: center;\"><\/h2>\n<h2><\/h2>\n","protected":false},"excerpt":{"rendered":"<p>Le D\u00e9partement propose un service de t\u00e9l\u00e9assistance 7j\/7j et 24h\/24h d\u00e9di\u00e9 aux personnes \u00e2g\u00e9es, handicap\u00e9es ou isol\u00e9es. Le tarif est modulable en fonction des ressources. Pour qui ? Toute personne \u00e2g\u00e9e, isol\u00e9e, en situation de handicap ou toute personne sortant d\u2019hospitalisation qui souhaite rester \u00e0 son domicile en s\u00e9curit\u00e9 gr\u00e2ce\u2026 <a class=\"continue-reading-link\" href=\"https:\/\/noyalsurbrutz.fr\/index.php\/dispositif-de-telealarme\/\">Continue reading<\/a><\/p>\n","protected":false},"author":1,"featured_media":0,"parent":0,"menu_order":0,"comment_status":"closed","ping_status":"closed","template":"","meta":{"footnotes":""},"class_list":["post-173","page","type-page","status-publish","hentry"],"_links":{"self":[{"href":"https:\/\/noyalsurbrutz.fr\/index.php\/wp-json\/wp\/v2\/pages\/173","targetHints":{"allow":["GET"]}}],"collection":[{"href":"https:\/\/noyalsurbrutz.fr\/index.php\/wp-json\/wp\/v2\/pages"}],"about":[{"href":"https:\/\/noyalsurbrutz.fr\/index.php\/wp-json\/wp\/v2\/types\/page"}],"author":[{"embeddable":true,"href":"https:\/\/noyalsurbrutz.fr\/index.php\/wp-json\/wp\/v2\/users\/1"}],"replies":[{"embeddable":true,"href":"https:\/\/noyalsurbrutz.fr\/index.php\/wp-json\/wp\/v2\/comments?post=173"}],"version-history":[{"count":4,"href":"https:\/\/noyalsurbrutz.fr\/index.php\/wp-json\/wp\/v2\/pages\/173\/revisions"}],"predecessor-version":[{"id":546,"href":"https:\/\/noyalsurbrutz.fr\/index.php\/wp-json\/wp\/v2\/pages\/173\/revisions\/546"}],"wp:attachment":[{"href":"https:\/\/noyalsurbrutz.fr\/index.php\/wp-json\/wp\/v2\/media?parent=173"}],"curies":[{"name":"wp","href":"https:\/\/api.w.org\/{rel}","templated":true}]}}