{"id":190,"date":"2017-08-02T10:27:16","date_gmt":"2017-08-02T08:27:16","guid":{"rendered":"http:\/\/noyalsurbrutz.fr\/?page_id=190"},"modified":"2023-03-13T15:14:33","modified_gmt":"2023-03-13T14:14:33","slug":"salle-municipale","status":"publish","type":"page","link":"https:\/\/noyalsurbrutz.fr\/index.php\/salle-municipale\/","title":{"rendered":"Salle Municipale"},"content":{"rendered":"<h2><span style=\"color: #ff0000;\"><img loading=\"lazy\" decoding=\"async\" class=\"wp-image-1245 alignleft\" src=\"https:\/\/noyalsurbrutz.fr\/wp-content\/uploads\/2017\/08\/Fotolia-danger-300x300.jpg\" alt=\"\" width=\"225\" height=\"225\" srcset=\"https:\/\/noyalsurbrutz.fr\/wp-content\/uploads\/2017\/08\/Fotolia-danger-300x300.jpg 300w, https:\/\/noyalsurbrutz.fr\/wp-content\/uploads\/2017\/08\/Fotolia-danger-150x150.jpg 150w, https:\/\/noyalsurbrutz.fr\/wp-content\/uploads\/2017\/08\/Fotolia-danger.jpg 346w\" sizes=\"auto, (max-width: 225px) 100vw, 225px\" \/><a href=\"https:\/\/noyalsurbrutz.fr\/wp-content\/uploads\/2017\/08\/2020-44-REGLEMENT-INTERIEUR-SALLE-MUNICIPALE.pdf\"><span style=\"color: #ff0000;\">Lien vers le NOUVEAU R\u00c8GLEMENT INT\u00c9RIEUR !<\/span><\/a><\/span><\/h2>\n<h2><span style=\"color: #ff0000;\">\u00a0<\/span><\/h2>\n<p>&nbsp;<\/p>\n<p>&nbsp;<\/p>\n<h2><a href=\"https:\/\/noyalsurbrutz.fr\/index.php\/events\/\">CALENDRIER DES R\u00c9SERVATIONS<\/a><\/h2>\n<h3>LOCAUX MIS A DISPOSITION<\/h3>\n<p>La salle comporte :<\/p>\n<p>&#8211; 1 pi\u00e8ce d\u2019environ 100 m2<\/p>\n<p>&#8211; 1 cuisine comportant 1 fourneau \u00e0 gaz (4 feux &#8211; 1 four) &#8211; 1 four \u00e9lectrique &#8211; 1 armoire r\u00e9frig\u00e9rante 500 l\u00a0 &#8211; 1 lave vaisselle professionnel<\/p>\n<p>&#8211; des sanitaires<\/p>\n<p><strong>La capacit\u00e9 de la salle est limit\u00e9e \u00e0 50 personnes.<\/strong><\/p>\n<h3>VAISSELLE<\/h3>\n<p>La vaisselle entrepos\u00e9e dans le placard de la cuisine est disponible. Elle devra \u00eatre rang\u00e9e correctement selon les indications.<\/p>\n<p><strong>La vaisselle cass\u00e9e sera d\u00e9clar\u00e9e \u00e0 la Mairie.<\/strong><\/p>\n<h3>CUISINE<\/h3>\n<p>La batterie de cuisine pr\u00e9sente en cuisine est disponible. L\u2019arriv\u00e9e de gaz devra \u00eatre ferm\u00e9e apr\u00e8s utilisation.<\/p>\n<h3>D\u00c9CORATION ET ORNEMENTS<\/h3>\n<p>Tout affichage et toute d\u00e9coration sont interdits sur les murs de la salle. Aucune d\u00e9gradation, pointes dans le mur, ne seront tol\u00e9r\u00e9es.<\/p>\n<h3>\u00c9CLAIRAGE<\/h3>\n<p>La salle est \u00e9quip\u00e9e d\u2019un syst\u00e8me \u00e9lectrique, toutes modifications aux installations sont interdites. L\u2019utilisateur se chargera d\u2019allumer la salle et s\u2019assurera avant son d\u00e9part que les lumi\u00e8res soient \u00e9teintes. Deux interrupteurs commandent l\u2019\u00e9clairage de la salle, 1 situ\u00e9 pr\u00e8s de la porte c\u00f4t\u00e9 est ou dans le hall d\u2019entr\u00e9e, l\u2019autre pr\u00e8s du tableau \u00e9lectrique.<\/p>\n<h3>RANGEMENTS &#8211; NETTOYAGE<\/h3>\n<p>Le nettoyage sera assur\u00e9 par l\u2019utilisateur. La salle devra \u00eatre rendue propre, les cuisines et les sanitaires \u00e9galement, \u00e0 12 heures, le dimanche 13 novembre. Les produits d\u2019entretien se trouvent\u00a0 dans l\u2019armoire du local logement avec toutes les indications. <strong>L\u2019utilisateur devra remettre le mobilier dans sa disposition initiale<\/strong>. Les sacs poubelle seront sortis et mis dans le conteneur pr\u00e9vu \u00e0 cet effet.<\/p>\n<h3>ENVIRONNEMENT<\/h3>\n<p>L\u2019acc\u00e8s des voitures est interdit sur l\u2019enrob\u00e9 rouge, devant la salle. Par contre, il est fortement conseill\u00e9 derri\u00e8re le muret, de fa\u00e7on \u00e0 lib\u00e9rer au maximum la place de l\u2019\u00e9glise.<br \/>\nLes utilisateurs veilleront au bon respect des plantations.<\/p>\n<h3>HORAIRES-BRUITS<\/h3>\n<p>La salle municipale est situ\u00e9e dans une zone habit\u00e9e. Afin d\u2019\u00e9viter tout d\u00e9sagr\u00e9ment aux riverains<strong>, le b\u00e9n\u00e9ficiaire s\u2019engage \u00e0 ne pas faire de bruit<\/strong> et \u00e0 ce que les participants quittent la salle tr\u00e8s silencieusement. L\u2019usage des klaxons est prohib\u00e9. <strong>L\u2019horaire limite d\u2019utilisation est fix\u00e9e \u00e0 1 heure 30 du matin.<\/strong><\/p>\n<h3>CAUTION<\/h3>\n<p>Pour chaque mise \u00e0 disposition, <strong>un ch\u00e8que de 1 000 \u20ac de caution<\/strong> <strong>ainsi que 150,00\u20ac de forfait m\u00e9nage<\/strong> en garantie est \u00e0 remettre au moment de la remise des cl\u00e9s. Apr\u00e8s la visite des locaux avec le repr\u00e9sentant de la commune, il sera rendu si aucune d\u00e9gradation n\u2019a \u00e9t\u00e9 constat\u00e9e et si la salle a \u00e9t\u00e9 rendue propre et convenablement rang\u00e9e.<\/p>\n<h3>RESPONSABILIT\u00c9<\/h3>\n<p>D\u00e8s l\u2019entr\u00e9e dans la salle, l\u2019utilisateur assurera la responsabilit\u00e9 des locaux et fera son affaire de la garantie des risques en cas de vol ou d\u00e9t\u00e9rioration d\u2019objets ou mat\u00e9riels, sans recours contre la Commune.<\/p>\n<h1>TARIFS<\/h1>\n<p><span style=\"color: #ff0000;\"><strong>Dans sa s\u00e9ance du mois d\u2019octobre 2017 le conseil municipal a adopt\u00e9 la nouvelle tarification de location de la Salle Municipale.<\/strong><\/span><\/p>\n<p><span style=\"color: #ff0000;\"><strong>Cette d\u00e9cision a eu pour objectif la simplification des tarifs, avec l\u2019instauration d\u2019un seul loyer pour le weekend, et donc en supprimant le prix \u00e0 la journ\u00e9e. Cela permettra de louer la salle pour 2 jours et donc de permettre aux locataires de disposer du b\u00e2timent pendant assez longtemps pour effectuer le m\u00e9nage, et ainsi rendre la salle en parfait \u00e9tat.<\/strong><\/span><\/p>\n<p><span style=\"color: #ff0000;\"><strong>De plus, afin d\u2019\u00e9viter de retrouver les locaux sales apr\u00e8s une location, un tarif d\u00e9di\u00e9 sp\u00e9cifiquement au m\u00e9nage sera demand\u00e9 en d\u00e9p\u00f4t lors de la r\u00e9servation, ce montant sera encaiss\u00e9 lorsque l\u2019agent en charge de l\u2019\u00e9tat des lieux constatera que le nettoyage n\u2019a pas \u00e9t\u00e9 fait, ou est insuffisant.<\/strong><\/span><\/p>\n<table>\n<tbody>\n<tr>\n<td width=\"300\"><strong>TARIFS SALLE MUNICIPALE<\/strong><\/td>\n<td width=\"151\"><strong>2023<\/strong><\/td>\n<td width=\"1\"><\/td>\n<\/tr>\n<tr>\n<td colspan=\"3\" width=\"452\">\n<h4><span style=\"color: #00ccff;\"><strong>Noyalais\u00a0:<\/strong><\/span><\/h4>\n<\/td>\n<\/tr>\n<tr>\n<td width=\"300\">Weekend<\/td>\n<td width=\"151\">230,00\u20ac<\/td>\n<td width=\"1\"><\/td>\n<\/tr>\n<tr>\n<td width=\"300\">R\u00e9unions sans cuisine<\/td>\n<td width=\"151\">80,00\u20ac<\/td>\n<td width=\"1\"><\/td>\n<\/tr>\n<tr>\n<td colspan=\"3\" width=\"452\">\n<h4><span style=\"color: #00ccff;\"><strong>R\u00e9sidents ext\u00e9rieurs\u00a0:<\/strong><\/span><\/h4>\n<\/td>\n<\/tr>\n<tr>\n<td width=\"300\">Weekend<\/td>\n<td width=\"151\">280,00\u20ac<\/td>\n<td width=\"1\"><\/td>\n<\/tr>\n<tr>\n<td colspan=\"3\" width=\"452\">\n<h4><span style=\"color: #00ccff;\"><strong>Autre :<\/strong><\/span><\/h4>\n<\/td>\n<\/tr>\n<tr>\n<td width=\"300\">Caution<\/td>\n<td width=\"151\">1\u00a0000,00\u20ac<\/td>\n<td width=\"1\"><\/td>\n<\/tr>\n<tr>\n<td width=\"300\">Caution M\u00e9nage<\/td>\n<td width=\"151\">150,00\u20ac<\/td>\n<td width=\"1\"><\/td>\n<\/tr>\n<\/tbody>\n<\/table>\n<p>&nbsp;<\/p>\n","protected":false},"excerpt":{"rendered":"<p>Lien vers le NOUVEAU R\u00c8GLEMENT INT\u00c9RIEUR ! \u00a0 &nbsp; &nbsp; CALENDRIER DES R\u00c9SERVATIONS LOCAUX MIS A DISPOSITION La salle comporte : &#8211; 1 pi\u00e8ce d\u2019environ 100 m2 &#8211; 1 cuisine comportant 1 fourneau \u00e0 gaz (4 feux &#8211; 1 four) &#8211; 1 four \u00e9lectrique &#8211; 1 armoire r\u00e9frig\u00e9rante 500 l\u00a0\u2026 <a class=\"continue-reading-link\" href=\"https:\/\/noyalsurbrutz.fr\/index.php\/salle-municipale\/\">Continue reading<\/a><\/p>\n","protected":false},"author":1,"featured_media":0,"parent":0,"menu_order":0,"comment_status":"closed","ping_status":"closed","template":"","meta":{"footnotes":""},"class_list":["post-190","page","type-page","status-publish","hentry"],"_links":{"self":[{"href":"https:\/\/noyalsurbrutz.fr\/index.php\/wp-json\/wp\/v2\/pages\/190","targetHints":{"allow":["GET"]}}],"collection":[{"href":"https:\/\/noyalsurbrutz.fr\/index.php\/wp-json\/wp\/v2\/pages"}],"about":[{"href":"https:\/\/noyalsurbrutz.fr\/index.php\/wp-json\/wp\/v2\/types\/page"}],"author":[{"embeddable":true,"href":"https:\/\/noyalsurbrutz.fr\/index.php\/wp-json\/wp\/v2\/users\/1"}],"replies":[{"embeddable":true,"href":"https:\/\/noyalsurbrutz.fr\/index.php\/wp-json\/wp\/v2\/comments?post=190"}],"version-history":[{"count":35,"href":"https:\/\/noyalsurbrutz.fr\/index.php\/wp-json\/wp\/v2\/pages\/190\/revisions"}],"predecessor-version":[{"id":1536,"href":"https:\/\/noyalsurbrutz.fr\/index.php\/wp-json\/wp\/v2\/pages\/190\/revisions\/1536"}],"wp:attachment":[{"href":"https:\/\/noyalsurbrutz.fr\/index.php\/wp-json\/wp\/v2\/media?parent=190"}],"curies":[{"name":"wp","href":"https:\/\/api.w.org\/{rel}","templated":true}]}}