{"id":209,"date":"2017-08-02T10:30:19","date_gmt":"2017-08-02T08:30:19","guid":{"rendered":"http:\/\/noyalsurbrutz.fr\/?page_id=209"},"modified":"2020-08-11T08:48:04","modified_gmt":"2020-08-11T06:48:04","slug":"piscines","status":"publish","type":"page","link":"https:\/\/noyalsurbrutz.fr\/index.php\/piscines\/","title":{"rendered":"Piscines"},"content":{"rendered":"<h5 class=\"has-text-color has-background has-vivid-cyan-blue-color has-very-light-gray-background-color\"><strong><img loading=\"lazy\" decoding=\"async\" class=\"size-medium wp-image-1233 alignleft\" src=\"https:\/\/noyalsurbrutz.fr\/wp-content\/uploads\/2017\/08\/cropped-logo-rvb-300x111.jpg\" alt=\"\" width=\"300\" height=\"111\" srcset=\"https:\/\/noyalsurbrutz.fr\/wp-content\/uploads\/2017\/08\/cropped-logo-rvb-300x111.jpg 300w, https:\/\/noyalsurbrutz.fr\/wp-content\/uploads\/2017\/08\/cropped-logo-rvb-768x285.jpg 768w, https:\/\/noyalsurbrutz.fr\/wp-content\/uploads\/2017\/08\/cropped-logo-rvb-150x56.jpg 150w, https:\/\/noyalsurbrutz.fr\/wp-content\/uploads\/2017\/08\/cropped-logo-rvb.jpg 856w\" sizes=\"auto, (max-width: 300px) 100vw, 300px\" \/><\/strong><\/h5>\n<h2><a href=\"http:\/\/www.aquachoisel.fr\/\"><span style=\"color: #3366ff;\"><span style=\"color: #33cccc;\">aquachoisel.fr<\/span><\/span><\/a><\/h2>\n<h5 class=\"has-text-color has-background has-vivid-cyan-blue-color has-very-light-gray-background-color\"><strong>Horaires d\u2019ouverture valables \u00e0 compter du lundi 6 juillet 2020.<\/strong><\/h5>\n<div class=\"wp-block-spacer\" aria-hidden=\"true\"><\/div>\n<h5>Bassins int\u00e9rieurs et ext\u00e9rieurs, Espace Bien-\u00eatre et pentagliss<\/h5>\n<table class=\"wp-block-table aligncenter has-fixed-layout is-style-stripes\" style=\"height: 586px;\" width=\"613\">\n<tbody>\n<tr>\n<td><strong>lundi<\/strong><\/td>\n<td>9h30 \u2013 11h30<br \/>\n13h30 \u2013 16h<br \/>\n17h \u2013 19h<\/td>\n<\/tr>\n<tr>\n<td><strong>mardi<\/strong><\/td>\n<td>9h30 \u2013 10h45 (espace Bien-\u00eatre uniquement)<br \/>\n12h \u2013 13h30<br \/>\n14h30 \u2013 17h30<br \/>\n18h30 \u2013 21h30<\/td>\n<\/tr>\n<tr>\n<td><strong>mercredi<\/strong><\/td>\n<td>9h30 \u2013 11h30<br \/>\n13h30 \u2013 16h<br \/>\n17h \u2013 19h<\/td>\n<\/tr>\n<tr>\n<td><strong>jeudi<\/strong><\/td>\n<td>9h30 \u2013 11h30<br \/>\n13h30 \u2013 16h<br \/>\n17h \u2013 19h<\/td>\n<\/tr>\n<tr>\n<td><strong>vendredi<\/strong><\/td>\n<td>9h30 \u2013 10h45 (espace Bien-\u00eatre uniquement)<br \/>\n12h \u2013 13h30<br \/>\n14h30 \u2013 17h30<br \/>\n18h30 \u2013 21h30<\/td>\n<\/tr>\n<tr>\n<td><strong>samedi<\/strong><\/td>\n<td>10h \u2013 12h30<br \/>\n14h30 \u2013 18h<\/td>\n<\/tr>\n<tr>\n<td><strong>dimanche<\/strong><\/td>\n<td>10h \u2013 12h30<br \/>\n14h30 \u2013 18h<\/td>\n<\/tr>\n<\/tbody>\n<\/table>\n","protected":false},"excerpt":{"rendered":"<p>aquachoisel.fr Horaires d\u2019ouverture valables \u00e0 compter du lundi 6 juillet 2020. Bassins int\u00e9rieurs et ext\u00e9rieurs, Espace Bien-\u00eatre et pentagliss lundi 9h30 \u2013 11h30 13h30 \u2013 16h 17h \u2013 19h mardi 9h30 \u2013 10h45 (espace Bien-\u00eatre uniquement) 12h \u2013 13h30 14h30 \u2013 17h30 18h30 \u2013 21h30 mercredi 9h30 \u2013 11h30 13h30\u2026 <a class=\"continue-reading-link\" href=\"https:\/\/noyalsurbrutz.fr\/index.php\/piscines\/\">Continue reading<\/a><\/p>\n","protected":false},"author":1,"featured_media":0,"parent":0,"menu_order":0,"comment_status":"closed","ping_status":"closed","template":"","meta":{"footnotes":""},"class_list":["post-209","page","type-page","status-publish","hentry"],"_links":{"self":[{"href":"https:\/\/noyalsurbrutz.fr\/index.php\/wp-json\/wp\/v2\/pages\/209","targetHints":{"allow":["GET"]}}],"collection":[{"href":"https:\/\/noyalsurbrutz.fr\/index.php\/wp-json\/wp\/v2\/pages"}],"about":[{"href":"https:\/\/noyalsurbrutz.fr\/index.php\/wp-json\/wp\/v2\/types\/page"}],"author":[{"embeddable":true,"href":"https:\/\/noyalsurbrutz.fr\/index.php\/wp-json\/wp\/v2\/users\/1"}],"replies":[{"embeddable":true,"href":"https:\/\/noyalsurbrutz.fr\/index.php\/wp-json\/wp\/v2\/comments?post=209"}],"version-history":[{"count":7,"href":"https:\/\/noyalsurbrutz.fr\/index.php\/wp-json\/wp\/v2\/pages\/209\/revisions"}],"predecessor-version":[{"id":1239,"href":"https:\/\/noyalsurbrutz.fr\/index.php\/wp-json\/wp\/v2\/pages\/209\/revisions\/1239"}],"wp:attachment":[{"href":"https:\/\/noyalsurbrutz.fr\/index.php\/wp-json\/wp\/v2\/media?parent=209"}],"curies":[{"name":"wp","href":"https:\/\/api.w.org\/{rel}","templated":true}]}}