{"id":211,"date":"2017-08-02T10:30:19","date_gmt":"2017-08-02T08:30:19","guid":{"rendered":"http:\/\/noyalsurbrutz.fr\/?page_id=211"},"modified":"2022-06-28T09:27:58","modified_gmt":"2022-06-28T07:27:58","slug":"transport-scolaire","status":"publish","type":"page","link":"https:\/\/noyalsurbrutz.fr\/index.php\/transport-scolaire\/","title":{"rendered":"Transports"},"content":{"rendered":"<p class=\"intro\">Inscriptions 100% en ligne, nouveau titre de transport, modalit\u00e9s de paiement\u2026 Les inscriptions et r\u00e9inscriptions aux transports scolaires pour la rentr\u00e9e 2022-2023 s&rsquo;ouvrent \u00e0 partir du 8 juin.<\/p>\n<h2><strong><img loading=\"lazy\" decoding=\"async\" class=\"size-medium wp-image-1464 alignleft\" src=\"https:\/\/noyalsurbrutz.fr\/wp-content\/uploads\/2022\/05\/CAR_SCOLAIRE-300x173.jpg\" alt=\"\" width=\"300\" height=\"173\" srcset=\"https:\/\/noyalsurbrutz.fr\/wp-content\/uploads\/2022\/05\/CAR_SCOLAIRE-300x173.jpg 300w, https:\/\/noyalsurbrutz.fr\/wp-content\/uploads\/2022\/05\/CAR_SCOLAIRE-768x442.jpg 768w, https:\/\/noyalsurbrutz.fr\/wp-content\/uploads\/2022\/05\/CAR_SCOLAIRE-1024x589.jpg 1024w, https:\/\/noyalsurbrutz.fr\/wp-content\/uploads\/2022\/05\/CAR_SCOLAIRE-608x350.jpg 608w, https:\/\/noyalsurbrutz.fr\/wp-content\/uploads\/2022\/05\/CAR_SCOLAIRE-150x86.jpg 150w\" sizes=\"auto, (max-width: 300px) 100vw, 300px\" \/>Inscriptions et r\u00e9inscriptions sur Internet<\/strong><\/h2>\n<p>Les inscriptions et r\u00e9inscriptions se feront uniquement par Internet via <a href=\"http:\/\/aleop.paysdelaloire.fr\" target=\"_blank\" rel=\"noopener\">aleop.paysdelaloire.fr.<\/a>\u00a0 Elles seront ouvertes<b> \u00e0 partir du 8 juin et jusqu&rsquo;<\/b><b>au 19 juillet 2022<\/b>. Les familles auront acc\u00e8s \u00e0 leur<a title=\"ouvrir dans une nouvelle fen\u00eatre\" href=\"https:\/\/aleop.paysdelaloire.fr\/mon-compte-transports-scolaires-aleop\" target=\"_blank\" rel=\"noopener\"> espace Al\u00e9op<\/a> et pourront suivre les inscriptions de tous leurs enfants.<\/p>\n<p>Attention, au-del\u00e0 de cette date du 19 juillet, les inscriptions restent possibles sous r\u00e9serve de places disponibles. Pour les inscriptions et r\u00e9inscriptions hors d\u00e9lais non justifi\u00e9es, une majoration de 20 \u20ac par enfant sera appliqu\u00e9e.<\/p>\n<p>Pour une premi\u00e8re inscription, les familles doivent obligatoirement cr\u00e9er un compte transport et se munir d&rsquo;une photo d&rsquo;identit\u00e9 num\u00e9ris\u00e9e de leur enfant.<\/p>\n<p><b>Un titre de transport connect\u00e9<\/b><\/p>\n<p>Le titre de transport est une carte magn\u00e9tique. Elle sera envoy\u00e9e directement au domicile de la famille apr\u00e8s la premi\u00e8re inscription. Cette carte est \u00e0 conserver d&rsquo;une ann\u00e9e sur l&rsquo;autre et est valable 5 ans. Elle est recharg\u00e9e \u00e0 chaque r\u00e9inscription. La carte est \u00e0 valider \u00e0 chaque mont\u00e9e dans le car. Durant le trajet, un agent de contr\u00f4le peut demander la pr\u00e9sentation du titre.<\/p>\n<p><b>Tarifs et modes de paiement<\/b><\/p>\n<p>Les tarifs des transports scolaires<\/p>\n<ul>\n<li>110 \u20ac \/ an \/ enfant<\/li>\n<li>Gratuit\u00e9 \u00e0 partir du 3\u00e8me enfant pour le 3\u00e8me abonnement ou plus.<\/li>\n<li>220 \u20ac pour les \u00e9tudiants post-bac<\/li>\n<li>En cas de garde altern\u00e9e, le tarif reste le m\u00eame. Un abonnement permet d\u2019assurer les 2 trajets.<\/li>\n<\/ul>\n<p>Les modes de paiement :<\/p>\n<ul>\n<li>Par pr\u00e9l\u00e8vement automatique, en trois fois sans frais et dans ce cas, l\u2019usager doit renseigner son RIB lors de l\u2019inscription de ses enfants.<\/li>\n<li>Par internet en 1 fois lors de l\u2019inscription sur <a href=\"http:\/\/aleop.paysdelaloire.fr\" target=\"_blank\" rel=\"noopener\">aleop.paysdelaloire.fr<\/a><\/li>\n<li>En esp\u00e8ces directement \u00e0 Al\u00e9op 44 \u2013 10 boulevard Georges Pompidou \u2013 44200 Nantes<\/li>\n<li>Par ch\u00e8que avec nom, pr\u00e9nom et num\u00e9ro de dossier de l\u2019enfant au dos du ch\u00e8que \u00e0 l\u2019ordre du Tr\u00e9sor public \u00e0 transmettre \u00e0 Al\u00e9op &#8211; Antenne r\u00e9gionale de Loire Atlantique \u2013 1 rue de La Loire, 44966 NANTES CEDEX 9.<\/li>\n<\/ul>\n<p>Les documents \u00e0 t\u00e9l\u00e9charger<\/p>\n<ul>\n<li><a title=\"ouvrir dans une nouvelle fen\u00eatre\" href=\"https:\/\/www.cc-chateaubriant-derval.fr\/fileadmin\/documents\/PDF\/Transport\/attestation_parentale_44_R24_Chateaubriant_derval.pdf\" target=\"_blank\" rel=\"noopener\">Autorisation parentale<\/a><\/li>\n<li><a title=\"ouvrir dans une nouvelle fen\u00eatre\" href=\"https:\/\/www.cc-chateaubriant-derval.fr\/fileadmin\/documents\/PDF\/Transport\/info_familles_fonctionnement_plateforme.pdf\" target=\"_blank\" rel=\"noopener\"> La plateforme, comment \u00e7a marche ?<\/a><\/li>\n<li><a title=\"ouvrir dans une nouvelle fen\u00eatre\" href=\"https:\/\/www.cc-chateaubriant-derval.fr\/fileadmin\/documents\/PDF\/Transport\/demande_de_creation_d_un_PA_Chateaubriant.pdf\" target=\"_blank\" rel=\"noopener\"> Demande de cr\u00e9ation d\u2019un point d\u2019arr\u00eat<\/a><\/li>\n<\/ul>\n<h2>C&rsquo;est bon \u00e0 savoir<\/h2>\n<ul>\n<li>Les cartes de transport scolaire sont \u00e0 conserver d&rsquo;une ann\u00e9e sur l&rsquo;autre<\/li>\n<li>Pour les nouveaux \u00e9l\u00e8ves ou les changements de cycle (6\u00e8me \/ seconde) la distribution de gilets se fera \u00e0 la rentr\u00e9e via les \u00e9tablissements scolaires.<\/li>\n<li><strong>Inscriptions possibles uniquement \u00e0 partir du 8 juin\u00a0<\/strong><\/li>\n<\/ul>\n<h2>Les dates \u00e0 retenir<\/h2>\n<ul>\n<li>Du 8 au 19 juillet 2021 inscriptions et r\u00e9inscriptions exclusivement sur internet\u00a0<a href=\"http:\/\/aleop.paysdelaloire.fr\/\" target=\"_blank\" rel=\"noopener\">aleop.paysdelaloire.fr<\/a>\u00a0Au-del\u00e0 de cette date une majoration de 20\u20ac par enfant sera appliqu\u00e9e (sauf si justificatifs)<\/li>\n<li>Fin ao\u00fbt Envoi par courrier des cartes de transport \/ mise en ligne des fiches horaires<\/li>\n<li>Jeudi 1er septembre rentr\u00e9e scolaire<\/li>\n<\/ul>\n<p>&nbsp;<\/p>\n<p><strong>\u00a0<\/strong><strong>Adresse des bureaux\u00a0:\u00a0\u00a0 <\/strong><\/p>\n<p>Espace Erdre<\/p>\n<p>5 rue Georges Pompidou<\/p>\n<p>44000 Nantes<\/p>\n<p><strong>\u00a0<\/strong><strong>Nous t\u00e9l\u00e9phoner\u00a0:<\/strong><\/p>\n<p>inscriptions, abonnements : <strong>02 28 20 65 44<\/strong><\/p>\n<p>horaires, itin\u00e9raires : Allo Lila <strong>09 69 39 40 44<\/strong><\/p>\n<p>&nbsp;<\/p>\n<p>&nbsp;<\/p>\n","protected":false},"excerpt":{"rendered":"<p>Inscriptions 100% en ligne, nouveau titre de transport, modalit\u00e9s de paiement\u2026 Les inscriptions et r\u00e9inscriptions aux transports scolaires pour la rentr\u00e9e 2022-2023 s&rsquo;ouvrent \u00e0 partir du 8 juin. Inscriptions et r\u00e9inscriptions sur Internet Les inscriptions et r\u00e9inscriptions se feront uniquement par Internet via aleop.paysdelaloire.fr.\u00a0 Elles seront ouvertes \u00e0 partir du\u2026 <a class=\"continue-reading-link\" href=\"https:\/\/noyalsurbrutz.fr\/index.php\/transport-scolaire\/\">Continue reading<\/a><\/p>\n","protected":false},"author":1,"featured_media":0,"parent":0,"menu_order":0,"comment_status":"closed","ping_status":"closed","template":"","meta":{"footnotes":""},"class_list":["post-211","page","type-page","status-publish","hentry"],"_links":{"self":[{"href":"https:\/\/noyalsurbrutz.fr\/index.php\/wp-json\/wp\/v2\/pages\/211","targetHints":{"allow":["GET"]}}],"collection":[{"href":"https:\/\/noyalsurbrutz.fr\/index.php\/wp-json\/wp\/v2\/pages"}],"about":[{"href":"https:\/\/noyalsurbrutz.fr\/index.php\/wp-json\/wp\/v2\/types\/page"}],"author":[{"embeddable":true,"href":"https:\/\/noyalsurbrutz.fr\/index.php\/wp-json\/wp\/v2\/users\/1"}],"replies":[{"embeddable":true,"href":"https:\/\/noyalsurbrutz.fr\/index.php\/wp-json\/wp\/v2\/comments?post=211"}],"version-history":[{"count":9,"href":"https:\/\/noyalsurbrutz.fr\/index.php\/wp-json\/wp\/v2\/pages\/211\/revisions"}],"predecessor-version":[{"id":1471,"href":"https:\/\/noyalsurbrutz.fr\/index.php\/wp-json\/wp\/v2\/pages\/211\/revisions\/1471"}],"wp:attachment":[{"href":"https:\/\/noyalsurbrutz.fr\/index.php\/wp-json\/wp\/v2\/media?parent=211"}],"curies":[{"name":"wp","href":"https:\/\/api.w.org\/{rel}","templated":true}]}}