{"id":439,"date":"2017-09-07T15:10:27","date_gmt":"2017-09-07T13:10:27","guid":{"rendered":"http:\/\/noyalsurbrutz.fr\/?page_id=439"},"modified":"2018-09-13T09:30:04","modified_gmt":"2018-09-13T07:30:04","slug":"personnel-communal","status":"publish","type":"page","link":"https:\/\/noyalsurbrutz.fr\/index.php\/personnel-communal\/","title":{"rendered":"Personnel Communal"},"content":{"rendered":"<p>&nbsp;<\/p>\n<table width=\"378\">\n<tbody>\n<tr>\n<td width=\"189\"><img loading=\"lazy\" decoding=\"async\" class=\"alignnone size-medium wp-image-425\" src=\"https:\/\/noyalsurbrutz.fr\/wp-content\/uploads\/2017\/08\/DSC_07762-209x300.jpg\" alt=\"\" width=\"209\" height=\"300\" srcset=\"https:\/\/noyalsurbrutz.fr\/wp-content\/uploads\/2017\/08\/DSC_07762-209x300.jpg 209w, https:\/\/noyalsurbrutz.fr\/wp-content\/uploads\/2017\/08\/DSC_07762-768x1103.jpg 768w, https:\/\/noyalsurbrutz.fr\/wp-content\/uploads\/2017\/08\/DSC_07762-713x1024.jpg 713w, https:\/\/noyalsurbrutz.fr\/wp-content\/uploads\/2017\/08\/DSC_07762-244x350.jpg 244w, https:\/\/noyalsurbrutz.fr\/wp-content\/uploads\/2017\/08\/DSC_07762-104x150.jpg 104w\" sizes=\"auto, (max-width: 209px) 100vw, 209px\" \/><\/td>\n<td width=\"189\"><img loading=\"lazy\" decoding=\"async\" class=\"alignnone size-medium wp-image-423\" src=\"https:\/\/noyalsurbrutz.fr\/wp-content\/uploads\/2017\/08\/DSC_0781-209x300.jpg\" alt=\"\" width=\"209\" height=\"300\" srcset=\"https:\/\/noyalsurbrutz.fr\/wp-content\/uploads\/2017\/08\/DSC_0781-209x300.jpg 209w, https:\/\/noyalsurbrutz.fr\/wp-content\/uploads\/2017\/08\/DSC_0781-768x1101.jpg 768w, https:\/\/noyalsurbrutz.fr\/wp-content\/uploads\/2017\/08\/DSC_0781-714x1024.jpg 714w, https:\/\/noyalsurbrutz.fr\/wp-content\/uploads\/2017\/08\/DSC_0781-244x350.jpg 244w, https:\/\/noyalsurbrutz.fr\/wp-content\/uploads\/2017\/08\/DSC_0781-105x150.jpg 105w\" sizes=\"auto, (max-width: 209px) 100vw, 209px\" \/><\/td>\n<\/tr>\n<tr>\n<td width=\"189\"><strong><span style=\"color: #ff6600;\">Colette HU\u00c9<\/span><\/strong><\/p>\n<p>ATSEM dans la Classe de Maternelle, et en charge de la Garderie P\u00e9riscolaire<\/td>\n<td width=\"189\"><span style=\"color: #ff6600;\"><strong>\u00c9lisabeth VEILLON<\/strong><\/span><\/p>\n<p>Agent Technique Territorial<\/p>\n<p>En charge de la Cantine (\u00e9laboration des repas, gestion du restaurant scolaire) , des TAP et de la Garderie P\u00e9riscolaire<\/td>\n<\/tr>\n<\/tbody>\n<\/table>\n<p>&nbsp;<\/p>\n<p>&nbsp;<\/p>\n<table width=\"567\">\n<tbody>\n<tr>\n<td width=\"189\"><img loading=\"lazy\" decoding=\"async\" class=\"alignnone size-medium wp-image-422\" src=\"https:\/\/noyalsurbrutz.fr\/wp-content\/uploads\/2017\/08\/DSC_0780-209x300.jpg\" alt=\"\" width=\"209\" height=\"300\" srcset=\"https:\/\/noyalsurbrutz.fr\/wp-content\/uploads\/2017\/08\/DSC_0780-209x300.jpg 209w, https:\/\/noyalsurbrutz.fr\/wp-content\/uploads\/2017\/08\/DSC_0780-768x1103.jpg 768w, https:\/\/noyalsurbrutz.fr\/wp-content\/uploads\/2017\/08\/DSC_0780-713x1024.jpg 713w, https:\/\/noyalsurbrutz.fr\/wp-content\/uploads\/2017\/08\/DSC_0780-244x350.jpg 244w, https:\/\/noyalsurbrutz.fr\/wp-content\/uploads\/2017\/08\/DSC_0780-104x150.jpg 104w\" sizes=\"auto, (max-width: 209px) 100vw, 209px\" \/><\/td>\n<td width=\"189\"><img loading=\"lazy\" decoding=\"async\" class=\"alignnone size-medium wp-image-424\" src=\"https:\/\/noyalsurbrutz.fr\/wp-content\/uploads\/2017\/08\/DSC_0782-208x300.jpg\" alt=\"\" width=\"208\" height=\"300\" srcset=\"https:\/\/noyalsurbrutz.fr\/wp-content\/uploads\/2017\/08\/DSC_0782-208x300.jpg 208w, https:\/\/noyalsurbrutz.fr\/wp-content\/uploads\/2017\/08\/DSC_0782-768x1105.jpg 768w, https:\/\/noyalsurbrutz.fr\/wp-content\/uploads\/2017\/08\/DSC_0782-711x1024.jpg 711w, https:\/\/noyalsurbrutz.fr\/wp-content\/uploads\/2017\/08\/DSC_0782-243x350.jpg 243w, https:\/\/noyalsurbrutz.fr\/wp-content\/uploads\/2017\/08\/DSC_0782-104x150.jpg 104w, https:\/\/noyalsurbrutz.fr\/wp-content\/uploads\/2017\/08\/DSC_0782.jpg 2044w\" sizes=\"auto, (max-width: 208px) 100vw, 208px\" \/><\/td>\n<td width=\"189\"><\/td>\n<\/tr>\n<tr>\n<td width=\"189\"><span style=\"color: #ff6600;\"><strong>Nathalie MEAUDE<\/strong><\/span><\/p>\n<p>Agent Technique Territorial<\/p>\n<p>En charge de la cantine, de la Garderie P\u00e9riscolaire et de l\u2019entretien des b\u00e2timents communaux<\/td>\n<td width=\"189\"><span style=\"color: #ff6600;\"><strong>Paula<\/strong><\/span><\/p>\n<p><span style=\"color: #ff6600;\"><strong>DIAS DA COSTA<\/strong><\/span><\/p>\n<p><span style=\"color: #000000;\">CDD<\/span><\/p>\n<p>En charge de la cantine, et de l\u2019entretien des b\u00e2timents communaux, ainsi qu&rsquo;aide scolaire dans la classe de GS\/CP<\/td>\n<td width=\"189\"><\/td>\n<\/tr>\n<\/tbody>\n<\/table>\n","protected":false},"excerpt":{"rendered":"<p>&nbsp; Colette HU\u00c9 ATSEM dans la Classe de Maternelle, et en charge de la Garderie P\u00e9riscolaire \u00c9lisabeth VEILLON Agent Technique Territorial En charge de la Cantine (\u00e9laboration des repas, gestion du restaurant scolaire) , des TAP et de la Garderie P\u00e9riscolaire &nbsp; &nbsp; Nathalie MEAUDE Agent Technique Territorial En charge\u2026 <a class=\"continue-reading-link\" href=\"https:\/\/noyalsurbrutz.fr\/index.php\/personnel-communal\/\">Continue reading<\/a><\/p>\n","protected":false},"author":1,"featured_media":0,"parent":0,"menu_order":0,"comment_status":"closed","ping_status":"closed","template":"","meta":{"footnotes":""},"class_list":["post-439","page","type-page","status-publish","hentry"],"_links":{"self":[{"href":"https:\/\/noyalsurbrutz.fr\/index.php\/wp-json\/wp\/v2\/pages\/439","targetHints":{"allow":["GET"]}}],"collection":[{"href":"https:\/\/noyalsurbrutz.fr\/index.php\/wp-json\/wp\/v2\/pages"}],"about":[{"href":"https:\/\/noyalsurbrutz.fr\/index.php\/wp-json\/wp\/v2\/types\/page"}],"author":[{"embeddable":true,"href":"https:\/\/noyalsurbrutz.fr\/index.php\/wp-json\/wp\/v2\/users\/1"}],"replies":[{"embeddable":true,"href":"https:\/\/noyalsurbrutz.fr\/index.php\/wp-json\/wp\/v2\/comments?post=439"}],"version-history":[{"count":9,"href":"https:\/\/noyalsurbrutz.fr\/index.php\/wp-json\/wp\/v2\/pages\/439\/revisions"}],"predecessor-version":[{"id":920,"href":"https:\/\/noyalsurbrutz.fr\/index.php\/wp-json\/wp\/v2\/pages\/439\/revisions\/920"}],"wp:attachment":[{"href":"https:\/\/noyalsurbrutz.fr\/index.php\/wp-json\/wp\/v2\/media?parent=439"}],"curies":[{"name":"wp","href":"https:\/\/api.w.org\/{rel}","templated":true}]}}