{"id":491,"date":"2017-10-05T10:13:44","date_gmt":"2017-10-05T08:13:44","guid":{"rendered":"http:\/\/noyalsurbrutz.fr\/?page_id=491"},"modified":"2017-10-05T10:35:38","modified_gmt":"2017-10-05T08:35:38","slug":"admr-nord-castel","status":"publish","type":"page","link":"https:\/\/noyalsurbrutz.fr\/index.php\/admr-nord-castel\/","title":{"rendered":"ADMR NORD CASTEL"},"content":{"rendered":"<h4><strong><u><img loading=\"lazy\" decoding=\"async\" class=\"size-full wp-image-501 alignleft\" src=\"https:\/\/noyalsurbrutz.fr\/wp-content\/uploads\/2017\/10\/logo.png\" alt=\"\" width=\"206\" height=\"93\" srcset=\"https:\/\/noyalsurbrutz.fr\/wp-content\/uploads\/2017\/10\/logo.png 206w, https:\/\/noyalsurbrutz.fr\/wp-content\/uploads\/2017\/10\/logo-150x68.png 150w\" sizes=\"auto, (max-width: 206px) 100vw, 206px\" \/>L&rsquo;ADMR : proche de vous au quotidien<\/u><\/strong><\/h4>\n<p>&nbsp;<\/p>\n<p>&nbsp;<\/p>\n<p>&nbsp;<\/p>\n<p><span style=\"color: #800080;\"><strong>CONTACT<\/strong><\/span><\/p>\n<p><span style=\"color: #800080;\"><strong>Maison des Services du Pays de la M\u00e9e<\/strong><\/span><\/p>\n<p><span style=\"color: #800080;\"><img loading=\"lazy\" decoding=\"async\" class=\"wp-image-503 alignleft\" src=\"https:\/\/noyalsurbrutz.fr\/wp-content\/uploads\/2017\/10\/Envelope-2-icon-300x300.png\" alt=\"\" width=\"34\" height=\"34\" srcset=\"https:\/\/noyalsurbrutz.fr\/wp-content\/uploads\/2017\/10\/Envelope-2-icon-300x300.png 300w, https:\/\/noyalsurbrutz.fr\/wp-content\/uploads\/2017\/10\/Envelope-2-icon-150x150.png 150w, https:\/\/noyalsurbrutz.fr\/wp-content\/uploads\/2017\/10\/Envelope-2-icon-350x350.png 350w, https:\/\/noyalsurbrutz.fr\/wp-content\/uploads\/2017\/10\/Envelope-2-icon.png 512w\" sizes=\"auto, (max-width: 34px) 100vw, 34px\" \/><strong>14 rue de la Garlais<\/strong><\/span><\/p>\n<p><span style=\"color: #800080;\"><strong>44590 DERVAL<\/strong><\/span><\/p>\n<p><span style=\"color: #800080;\"><strong><img loading=\"lazy\" decoding=\"async\" class=\"alignnone wp-image-308\" src=\"https:\/\/noyalsurbrutz.fr\/wp-content\/uploads\/2017\/08\/old-red-phone-27649446.jpg\" alt=\"\" width=\"44\" height=\"29\" srcset=\"https:\/\/noyalsurbrutz.fr\/wp-content\/uploads\/2017\/08\/old-red-phone-27649446.jpg 240w, https:\/\/noyalsurbrutz.fr\/wp-content\/uploads\/2017\/08\/old-red-phone-27649446-150x100.jpg 150w\" sizes=\"auto, (max-width: 44px) 100vw, 44px\" \/>02 40 07 81 67<\/strong><\/span><\/p>\n<p><strong><a href=\"mailto:paysdelamee@fede44.admr.org\">paysdelamee@fede44.admr.org<\/a><\/strong><\/p>\n<p><strong>Depuis plus de 70 ans, l\u2019ADMR s\u2019engage \u00e0 offrir des services de qualit\u00e9 et \u00e0 cr\u00e9er des emplois. L\u2019ADMR <\/strong><strong>s\u2019adresse \u00e0 tous, d\u2019avant la naissance jusqu\u2019\u00e0 la fin de vie, pour permettre \u00e0 chacun de bien vivre chez soi.<\/strong> <strong>L\u2019association ADMR de Nord Castel, pr\u00e9sid\u00e9e par Mme Chatellier, intervient aupr\u00e8s de nombreuses communes du secteur\u00a0: Ferc\u00e9, Villep\u00f4t, Ch\u00e2teaubriant, Noyal sur Brutz, Roug\u00e9, Ruffign\u00e9, Saint-Aubin des Ch\u00e2teaux, Soudan, Soulvache, Erbray, Moisdon la Rivi\u00e8re et Louisfert.<\/strong><\/p>\n<p>Parent d\u00e9bord\u00e9, actif surcharg\u00e9, en situation de handicap ou en perte d&rsquo;autonomie&#8230; Nos intervenants exp\u00e9riment\u00e9s sont l\u00e0 pour vous faciliter la vie et vous proposent une large gamme de services.<\/p>\n<p><strong>Besoin d\u2019aide pour le m\u00e9nage-repassage\u00a0?<\/strong><\/p>\n<p>Cuisine impeccable, meubles et recoins parfaitement d\u00e9poussi\u00e9r\u00e9s, placards bien ordonn\u00e9s, linge frais et repass\u00e9\u2026 Ponctuellement ou r\u00e9guli\u00e8rement, l&rsquo;ADMR a la solution.<\/p>\n<p><img loading=\"lazy\" decoding=\"async\" class=\"wp-image-496 alignleft\" src=\"https:\/\/noyalsurbrutz.fr\/wp-content\/uploads\/2017\/10\/samueldhote-autonomie-60_mini-200x300.jpg\" alt=\"\" width=\"131\" height=\"197\" srcset=\"https:\/\/noyalsurbrutz.fr\/wp-content\/uploads\/2017\/10\/samueldhote-autonomie-60_mini-200x300.jpg 200w, https:\/\/noyalsurbrutz.fr\/wp-content\/uploads\/2017\/10\/samueldhote-autonomie-60_mini-768x1152.jpg 768w, https:\/\/noyalsurbrutz.fr\/wp-content\/uploads\/2017\/10\/samueldhote-autonomie-60_mini-683x1024.jpg 683w, https:\/\/noyalsurbrutz.fr\/wp-content\/uploads\/2017\/10\/samueldhote-autonomie-60_mini-233x350.jpg 233w, https:\/\/noyalsurbrutz.fr\/wp-content\/uploads\/2017\/10\/samueldhote-autonomie-60_mini-100x150.jpg 100w, https:\/\/noyalsurbrutz.fr\/wp-content\/uploads\/2017\/10\/samueldhote-autonomie-60_mini.jpg 1181w\" sizes=\"auto, (max-width: 131px) 100vw, 131px\" \/><\/p>\n<p>L\u2019ADMR propose \u00e9galement son service d\u2019aide et d\u2019accompagnement \u00e0 domicile pour les seniors et les personnes en situation de handicap. Vous conservez ainsi une autonomie chez vous et continuez \u00e0 mener vos projets de vie.<\/p>\n<p><strong>Garde d\u2019enfants \u00e0 domicile<\/strong><\/p>\n<p>Vous partez t\u00f4t le matin au travail et rentrez tard le soir ? Pensez \u00e0 la garde d\u2019enfants \u00e0 domicile. Avec l\u2019ADMR, vous b\u00e9n\u00e9ficierez : &#8211; d\u2019un service sur mesure et sans engagement, &#8211; d\u2019une tarification horaire fixe quel que soit le nombre d\u2019enfants gard\u00e9s, &#8211; d\u2019un service personnalis\u00e9 et adapt\u00e9 \u00e0 votre em<img loading=\"lazy\" decoding=\"async\" class=\"size-medium wp-image-497 alignright\" src=\"https:\/\/noyalsurbrutz.fr\/wp-content\/uploads\/2017\/10\/stephanedelorme-famille-13-300x200.jpg\" alt=\"\" width=\"300\" height=\"200\" srcset=\"https:\/\/noyalsurbrutz.fr\/wp-content\/uploads\/2017\/10\/stephanedelorme-famille-13-300x200.jpg 300w, https:\/\/noyalsurbrutz.fr\/wp-content\/uploads\/2017\/10\/stephanedelorme-famille-13-768x512.jpg 768w, https:\/\/noyalsurbrutz.fr\/wp-content\/uploads\/2017\/10\/stephanedelorme-famille-13-1024x683.jpg 1024w, https:\/\/noyalsurbrutz.fr\/wp-content\/uploads\/2017\/10\/stephanedelorme-famille-13-525x350.jpg 525w, https:\/\/noyalsurbrutz.fr\/wp-content\/uploads\/2017\/10\/stephanedelorme-famille-13-150x100.jpg 150w\" sizes=\"auto, (max-width: 300px) 100vw, 300px\" \/>ploi du temps.<\/p>\n<p><strong>LE + ADMR <\/strong><\/p>\n<p>Un b\u00e9n\u00e9vole r\u00e9f\u00e9rent de l\u2019ADMR reste \u00e0 votre \u00e9coute tout au long de la prestation, pour r\u00e9pondre \u00e0 vos questions ou \u00e0 des besoins compl\u00e9mentaires. Le r\u00e9f\u00e9rent est le trait d\u2019union entre vous et l\u2019association. Contactez la Maison des Services du Pays de la M\u00e9e (02 40 07 81 67) et simplifiez-vous la vie !<\/p>\n<p><strong>Etre b\u00e9n\u00e9vole \u00e0 l\u2019ADMR<\/strong><\/p>\n<p>L\u2019\u00e9quipe de b\u00e9n\u00e9voles d\u00e9j\u00e0 en place a besoin de nouveaux talents\u00a0! Vous avez des capacit\u00e9s en communication, animation, administration\u2026 et souhaitez faire de belles rencontres\u00a0? Contactez-nous.<\/p>\n<p>&nbsp;<\/p>\n","protected":false},"excerpt":{"rendered":"<p>L&rsquo;ADMR : proche de vous au quotidien &nbsp; &nbsp; &nbsp; CONTACT Maison des Services du Pays de la M\u00e9e 14 rue de la Garlais 44590 DERVAL 02 40 07 81 67 paysdelamee@fede44.admr.org Depuis plus de 70 ans, l\u2019ADMR s\u2019engage \u00e0 offrir des services de qualit\u00e9 et \u00e0 cr\u00e9er des emplois.\u2026 <a class=\"continue-reading-link\" href=\"https:\/\/noyalsurbrutz.fr\/index.php\/admr-nord-castel\/\">Continue reading<\/a><\/p>\n","protected":false},"author":1,"featured_media":0,"parent":0,"menu_order":0,"comment_status":"closed","ping_status":"closed","template":"","meta":{"footnotes":""},"class_list":["post-491","page","type-page","status-publish","hentry"],"_links":{"self":[{"href":"https:\/\/noyalsurbrutz.fr\/index.php\/wp-json\/wp\/v2\/pages\/491","targetHints":{"allow":["GET"]}}],"collection":[{"href":"https:\/\/noyalsurbrutz.fr\/index.php\/wp-json\/wp\/v2\/pages"}],"about":[{"href":"https:\/\/noyalsurbrutz.fr\/index.php\/wp-json\/wp\/v2\/types\/page"}],"author":[{"embeddable":true,"href":"https:\/\/noyalsurbrutz.fr\/index.php\/wp-json\/wp\/v2\/users\/1"}],"replies":[{"embeddable":true,"href":"https:\/\/noyalsurbrutz.fr\/index.php\/wp-json\/wp\/v2\/comments?post=491"}],"version-history":[{"count":12,"href":"https:\/\/noyalsurbrutz.fr\/index.php\/wp-json\/wp\/v2\/pages\/491\/revisions"}],"predecessor-version":[{"id":509,"href":"https:\/\/noyalsurbrutz.fr\/index.php\/wp-json\/wp\/v2\/pages\/491\/revisions\/509"}],"wp:attachment":[{"href":"https:\/\/noyalsurbrutz.fr\/index.php\/wp-json\/wp\/v2\/media?parent=491"}],"curies":[{"name":"wp","href":"https:\/\/api.w.org\/{rel}","templated":true}]}}