{"id":52,"date":"2017-08-01T17:18:08","date_gmt":"2017-08-01T15:18:08","guid":{"rendered":"http:\/\/noyalsurbrutz.fr\/?page_id=52"},"modified":"2020-08-11T08:41:38","modified_gmt":"2020-08-11T06:41:38","slug":"associations","status":"publish","type":"page","link":"https:\/\/noyalsurbrutz.fr\/index.php\/associations\/","title":{"rendered":"Associations"},"content":{"rendered":"<p>&nbsp;<\/p>\n<h1>ANCIENS COMBATTANTS &#8211; UNC<img loading=\"lazy\" decoding=\"async\" class=\"size-medium wp-image-774 alignright\" src=\"https:\/\/noyalsurbrutz.fr\/wp-content\/uploads\/2017\/08\/DSCF2098-300x225.jpg\" alt=\"\" width=\"300\" height=\"225\" srcset=\"https:\/\/noyalsurbrutz.fr\/wp-content\/uploads\/2017\/08\/DSCF2098-300x225.jpg 300w, https:\/\/noyalsurbrutz.fr\/wp-content\/uploads\/2017\/08\/DSCF2098-768x576.jpg 768w, https:\/\/noyalsurbrutz.fr\/wp-content\/uploads\/2017\/08\/DSCF2098-1024x768.jpg 1024w, https:\/\/noyalsurbrutz.fr\/wp-content\/uploads\/2017\/08\/DSCF2098-467x350.jpg 467w, https:\/\/noyalsurbrutz.fr\/wp-content\/uploads\/2017\/08\/DSCF2098-150x113.jpg 150w\" sizes=\"auto, (max-width: 300px) 100vw, 300px\" \/><\/h1>\n<p><img loading=\"lazy\" decoding=\"async\" class=\"size-medium wp-image-773 alignleft\" src=\"https:\/\/noyalsurbrutz.fr\/wp-content\/uploads\/2017\/08\/DSCF2109-300x225.jpg\" alt=\"\" width=\"300\" height=\"225\" srcset=\"https:\/\/noyalsurbrutz.fr\/wp-content\/uploads\/2017\/08\/DSCF2109-300x225.jpg 300w, https:\/\/noyalsurbrutz.fr\/wp-content\/uploads\/2017\/08\/DSCF2109-768x576.jpg 768w, https:\/\/noyalsurbrutz.fr\/wp-content\/uploads\/2017\/08\/DSCF2109-1024x768.jpg 1024w, https:\/\/noyalsurbrutz.fr\/wp-content\/uploads\/2017\/08\/DSCF2109-467x350.jpg 467w, https:\/\/noyalsurbrutz.fr\/wp-content\/uploads\/2017\/08\/DSCF2109-150x113.jpg 150w\" sizes=\"auto, (max-width: 300px) 100vw, 300px\" \/><\/p>\n<p>&nbsp;<\/p>\n<p>&nbsp;<\/p>\n<p>&nbsp;<\/p>\n<p>&nbsp;<\/p>\n<p>&nbsp;<\/p>\n<p>&nbsp;<\/p>\n<p style=\"text-align: center;\"><span style=\"color: #ff9900;\"><strong>Pr\u00e9sident : Bernard LAMARTHE<\/strong><\/span><\/p>\n<p style=\"text-align: center;\">Vice-Pr\u00e9sident : Louis COLIN<\/p>\n<p style=\"text-align: center;\">Secr\u00e9taire : Robert MASSICOT<\/p>\n<p style=\"text-align: center;\">Tr\u00e9sorier : Maurice PAILLUSSON<\/p>\n<h1><img loading=\"lazy\" decoding=\"async\" class=\"alignnone size-medium wp-image-815\" src=\"https:\/\/noyalsurbrutz.fr\/wp-content\/uploads\/2017\/08\/logocomit\u00e9-300x150.jpg\" alt=\"\" width=\"300\" height=\"150\" srcset=\"https:\/\/noyalsurbrutz.fr\/wp-content\/uploads\/2017\/08\/logocomit\u00e9-300x150.jpg 300w, https:\/\/noyalsurbrutz.fr\/wp-content\/uploads\/2017\/08\/logocomit\u00e9-150x75.jpg 150w, https:\/\/noyalsurbrutz.fr\/wp-content\/uploads\/2017\/08\/logocomit\u00e9.jpg 393w\" sizes=\"auto, (max-width: 300px) 100vw, 300px\" \/><\/h1>\n<p><span style=\"color: #00ccff;\"><strong>Pr\u00e9sidente d&rsquo;honneur : Edith MARGUIN<\/strong><\/span><\/p>\n<p><span style=\"color: #00ccff;\"><strong>Pr\u00e9sident : Thierry HOGREL<\/strong><\/span><\/p>\n<p>Vice-Pr\u00e9sident : Gilbert PLANCHAIS<\/p>\n<p>Secr\u00e9taire : Amandine TESTARD<\/p>\n<p>Secr\u00e9taire Adjoint : Arnaud LEVEQUE<\/p>\n<p>Tr\u00e9sorier : Laurence PLANCHAIS<\/p>\n<p>Tr\u00e9sori\u00e8re Adjointe : Brigitte JOUAN<\/p>\n<p><span style=\"color: #ff0000;\"><strong><em>comitedesfetes.noyalsurbrutz@gmail.com<\/em><\/strong><\/span><\/p>\n<h1><img loading=\"lazy\" decoding=\"async\" class=\" wp-image-793 alignleft\" src=\"https:\/\/noyalsurbrutz.fr\/wp-content\/uploads\/2017\/08\/4311-des-creches-plus-educatives-pour-ameliorer-le-developpement-des-enfants-300x225.jpg\" alt=\"\" width=\"240\" height=\"180\" srcset=\"https:\/\/noyalsurbrutz.fr\/wp-content\/uploads\/2017\/08\/4311-des-creches-plus-educatives-pour-ameliorer-le-developpement-des-enfants-300x225.jpg 300w, https:\/\/noyalsurbrutz.fr\/wp-content\/uploads\/2017\/08\/4311-des-creches-plus-educatives-pour-ameliorer-le-developpement-des-enfants-150x113.jpg 150w, https:\/\/noyalsurbrutz.fr\/wp-content\/uploads\/2017\/08\/4311-des-creches-plus-educatives-pour-ameliorer-le-developpement-des-enfants.jpg 400w\" sizes=\"auto, (max-width: 240px) 100vw, 240px\" \/>ASSOCIATION LES P&rsquo;TIS LOULOUS de NOYAL<\/h1>\n<p><span style=\"color: #339966;\"><strong>Pr\u00e9sidente : Anita LECOEUR<\/strong><\/span><\/p>\n<p>Tr\u00e9sori\u00e8re : Delphine CHOUANNIERE<\/p>\n<p>Secr\u00e9taire : Gis\u00e8le SAULNIER<\/p>\n<p>Membres : Martine PARIS et Jessica MACAULT<\/p>\n<p>L&rsquo;association est compos\u00e9e de 5 assistantes maternelles. <span style=\"color: #ff99cc;\"><strong>Tous les mardis de 9h \u00e0 11h et un Jeudi par mois<\/strong><\/span> dans les locaux de l&rsquo;accueil p\u00e9riscolaire, sont organis\u00e9s des ateliers : bricolage, piscine \u00e0 balle, musique, ateliers jeux, v\u00e9los, marionnettes&#8230;<\/p>\n<p><span style=\"color: #ff0000;\"><em><strong>anitalecoeur@sfr.fr<\/strong><\/em><\/span><\/p>\n<p>&nbsp;<\/p>\n<p>&nbsp;<\/p>\n<h2 style=\"text-align: center;\"><\/h2>\n","protected":false},"excerpt":{"rendered":"<p>&nbsp; ANCIENS COMBATTANTS &#8211; UNC &nbsp; &nbsp; &nbsp; &nbsp; &nbsp; &nbsp; Pr\u00e9sident : Bernard LAMARTHE Vice-Pr\u00e9sident : Louis COLIN Secr\u00e9taire : Robert MASSICOT Tr\u00e9sorier : Maurice PAILLUSSON Pr\u00e9sidente d&rsquo;honneur : Edith MARGUIN Pr\u00e9sident : Thierry HOGREL Vice-Pr\u00e9sident : Gilbert PLANCHAIS Secr\u00e9taire : Amandine TESTARD Secr\u00e9taire Adjoint : Arnaud LEVEQUE Tr\u00e9sorier\u2026 <a class=\"continue-reading-link\" href=\"https:\/\/noyalsurbrutz.fr\/index.php\/associations\/\">Continue reading<\/a><\/p>\n","protected":false},"author":1,"featured_media":0,"parent":0,"menu_order":0,"comment_status":"closed","ping_status":"closed","template":"","meta":{"footnotes":""},"class_list":["post-52","page","type-page","status-publish","hentry"],"_links":{"self":[{"href":"https:\/\/noyalsurbrutz.fr\/index.php\/wp-json\/wp\/v2\/pages\/52","targetHints":{"allow":["GET"]}}],"collection":[{"href":"https:\/\/noyalsurbrutz.fr\/index.php\/wp-json\/wp\/v2\/pages"}],"about":[{"href":"https:\/\/noyalsurbrutz.fr\/index.php\/wp-json\/wp\/v2\/types\/page"}],"author":[{"embeddable":true,"href":"https:\/\/noyalsurbrutz.fr\/index.php\/wp-json\/wp\/v2\/users\/1"}],"replies":[{"embeddable":true,"href":"https:\/\/noyalsurbrutz.fr\/index.php\/wp-json\/wp\/v2\/comments?post=52"}],"version-history":[{"count":20,"href":"https:\/\/noyalsurbrutz.fr\/index.php\/wp-json\/wp\/v2\/pages\/52\/revisions"}],"predecessor-version":[{"id":1230,"href":"https:\/\/noyalsurbrutz.fr\/index.php\/wp-json\/wp\/v2\/pages\/52\/revisions\/1230"}],"wp:attachment":[{"href":"https:\/\/noyalsurbrutz.fr\/index.php\/wp-json\/wp\/v2\/media?parent=52"}],"curies":[{"name":"wp","href":"https:\/\/api.w.org\/{rel}","templated":true}]}}