{"id":670,"date":"2017-11-14T11:17:10","date_gmt":"2017-11-14T10:17:10","guid":{"rendered":"http:\/\/noyalsurbrutz.fr\/?page_id=670"},"modified":"2017-11-14T11:34:42","modified_gmt":"2017-11-14T10:34:42","slug":"pacs","status":"publish","type":"page","link":"https:\/\/noyalsurbrutz.fr\/index.php\/pacs\/","title":{"rendered":"PACS"},"content":{"rendered":"<p><img loading=\"lazy\" decoding=\"async\" class=\"wp-image-693 alignright\" src=\"https:\/\/noyalsurbrutz.fr\/wp-content\/uploads\/2017\/11\/Mari\u00e9s-ou-Pacs\u00e9s-ou-Concubins-300x165.jpg\" alt=\"\" width=\"100\" height=\"55\" srcset=\"https:\/\/noyalsurbrutz.fr\/wp-content\/uploads\/2017\/11\/Mari\u00e9s-ou-Pacs\u00e9s-ou-Concubins-300x165.jpg 300w, https:\/\/noyalsurbrutz.fr\/wp-content\/uploads\/2017\/11\/Mari\u00e9s-ou-Pacs\u00e9s-ou-Concubins-150x83.jpg 150w, https:\/\/noyalsurbrutz.fr\/wp-content\/uploads\/2017\/11\/Mari\u00e9s-ou-Pacs\u00e9s-ou-Concubins.jpg 400w\" sizes=\"auto, (max-width: 100px) 100vw, 100px\" \/><img loading=\"lazy\" decoding=\"async\" class=\"size-medium wp-image-691 alignleft\" src=\"https:\/\/noyalsurbrutz.fr\/wp-content\/uploads\/2017\/11\/pacte_civil_solidarite-300x240.jpg\" alt=\"\" width=\"300\" height=\"240\" srcset=\"https:\/\/noyalsurbrutz.fr\/wp-content\/uploads\/2017\/11\/pacte_civil_solidarite-300x240.jpg 300w, https:\/\/noyalsurbrutz.fr\/wp-content\/uploads\/2017\/11\/pacte_civil_solidarite-438x350.jpg 438w, https:\/\/noyalsurbrutz.fr\/wp-content\/uploads\/2017\/11\/pacte_civil_solidarite-150x120.jpg 150w, https:\/\/noyalsurbrutz.fr\/wp-content\/uploads\/2017\/11\/pacte_civil_solidarite.jpg 450w\" sizes=\"auto, (max-width: 300px) 100vw, 300px\" \/>L&rsquo;enregistrement des pactes civils de solidarit\u00e9 (Pacs) est transf\u00e9r\u00e9 \u00e0 l&rsquo;officier de l&rsquo;\u00e9tat civil de la mairie \u00e0 partir du 1<sup>er<\/sup>\u00a0novembre\u00a02017. Le passage du Pacs en mairie (et non plus au tribunal) est une mesure de la loi de modernisation de la justice du XXI<sup>e<\/sup>\u00a0si\u00e8cle publi\u00e9e au <em>Journal officiel<\/em> du 19\u00a0novembre\u00a02016 (article\u00a048).<\/p>\n<p>Un d\u00e9cret publi\u00e9 au <em>Journal officiel<\/em> du 10\u00a0mai\u00a02017 pr\u00e9cise les modalit\u00e9s de transfert aux officiers de l&rsquo;\u00e9tat civil de l&rsquo;enregistrement des d\u00e9clarations, des modifications et des dissolutions des pactes civils de solidarit\u00e9.<\/p>\n<p>En France, les personnes qui veulent conclure un Pacs doivent, \u00e0 partir du 1<sup>er<\/sup>\u00a0novembre\u00a02017, faire enregistrer leur d\u00e9claration conjointe de Pacs en s&rsquo;adressant\u00a0:<\/p>\n<ul>\n<li>soit \u00e0 l&rsquo;officier d&rsquo;\u00e9tat civil en mairie (lieu de leur r\u00e9sidence commune)\u00a0;<\/li>\n<li>soit \u00e0 un notaire.<\/li>\n<\/ul>\n<h3><span style=\"color: #008000;\"><strong><u>Pour se PACSer en mairie il faut\u00a0:<\/u><\/strong><\/span><\/h3>\n<ul>\n<li>R\u00e9diger une convention<\/li>\n<li>Renseigner leur d\u00e9claration de PACS (CERFA), la signer<\/li>\n<li>\u00a0La faire enregistrer par l\u2019officier d\u2019\u00e9tat civil de la mairie <u>de leur r\u00e9sidence commune<\/u>, ce qui suppose:<\/li>\n<\/ul>\n<p>La constitution d\u2019un dossier\u00a0: acte de naissance, justificatif de domicile, pi\u00e8ce d\u2019identit\u00e9, convention, et d\u00e9claration de PACS<\/p>\n<p>Un d\u00e9placement \u00e0 la mairie<\/p>\n<h3><span style=\"color: #008000;\">FORMULAIRES<\/span><\/h3>\n<p><a href=\"https:\/\/noyalsurbrutz.fr\/wp-content\/uploads\/2017\/11\/Convention-Type-de-PACS.pdf\">Convention Type de PACS<\/a><\/p>\n<p><a href=\"https:\/\/noyalsurbrutz.fr\/wp-content\/uploads\/2017\/11\/D\u00e9claration-conjointe-dun-PACS.pdf\">D\u00e9claration conjointe d&rsquo;un PACS<\/a><\/p>\n<p>Pour plus d&rsquo;informations :<a href=\"https:\/\/www.service-public.fr\/particuliers\/recherche?keyword=PACS\"> servicepublic.fr<\/a><\/p>\n","protected":false},"excerpt":{"rendered":"<p>L&rsquo;enregistrement des pactes civils de solidarit\u00e9 (Pacs) est transf\u00e9r\u00e9 \u00e0 l&rsquo;officier de l&rsquo;\u00e9tat civil de la mairie \u00e0 partir du 1er\u00a0novembre\u00a02017. Le passage du Pacs en mairie (et non plus au tribunal) est une mesure de la loi de modernisation de la justice du XXIe\u00a0si\u00e8cle publi\u00e9e au Journal officiel du\u2026 <a class=\"continue-reading-link\" href=\"https:\/\/noyalsurbrutz.fr\/index.php\/pacs\/\">Continue reading<\/a><\/p>\n","protected":false},"author":1,"featured_media":0,"parent":0,"menu_order":0,"comment_status":"closed","ping_status":"closed","template":"","meta":{"footnotes":""},"class_list":["post-670","page","type-page","status-publish","hentry"],"_links":{"self":[{"href":"https:\/\/noyalsurbrutz.fr\/index.php\/wp-json\/wp\/v2\/pages\/670","targetHints":{"allow":["GET"]}}],"collection":[{"href":"https:\/\/noyalsurbrutz.fr\/index.php\/wp-json\/wp\/v2\/pages"}],"about":[{"href":"https:\/\/noyalsurbrutz.fr\/index.php\/wp-json\/wp\/v2\/types\/page"}],"author":[{"embeddable":true,"href":"https:\/\/noyalsurbrutz.fr\/index.php\/wp-json\/wp\/v2\/users\/1"}],"replies":[{"embeddable":true,"href":"https:\/\/noyalsurbrutz.fr\/index.php\/wp-json\/wp\/v2\/comments?post=670"}],"version-history":[{"count":8,"href":"https:\/\/noyalsurbrutz.fr\/index.php\/wp-json\/wp\/v2\/pages\/670\/revisions"}],"predecessor-version":[{"id":694,"href":"https:\/\/noyalsurbrutz.fr\/index.php\/wp-json\/wp\/v2\/pages\/670\/revisions\/694"}],"wp:attachment":[{"href":"https:\/\/noyalsurbrutz.fr\/index.php\/wp-json\/wp\/v2\/media?parent=670"}],"curies":[{"name":"wp","href":"https:\/\/api.w.org\/{rel}","templated":true}]}}