{"id":681,"date":"2017-11-14T11:27:29","date_gmt":"2017-11-14T10:27:29","guid":{"rendered":"http:\/\/noyalsurbrutz.fr\/?page_id=681"},"modified":"2017-11-14T11:32:39","modified_gmt":"2017-11-14T10:32:39","slug":"autorisation-de-sortie-du-territoire","status":"publish","type":"page","link":"https:\/\/noyalsurbrutz.fr\/index.php\/autorisation-de-sortie-du-territoire\/","title":{"rendered":"Autorisation de Sortie du Territoire"},"content":{"rendered":"<div id=\"actualite\" class=\"lead\">\n<p>L&rsquo;autorisation de sortie du territoire (AST) d&rsquo;un mineur non accompagn\u00e9 par un titulaire de l&rsquo;autorit\u00e9 parentale est r\u00e9tablie \u00e0 partir du 15\u00a0janvier\u00a02017. Ce nouveau dispositif est applicable \u00e0 tous les mineurs r\u00e9sidant habituellement en France. Il s&rsquo;applique \u00e9galement \u00e0 tous les voyages, individuels ou collectifs (voyages scolaires, s\u00e9jours de vacances, s\u00e9jours linguistiques&#8230;), d\u00e8s lors que le mineur quitte le territoire fran\u00e7ais sans un titulaire de l&rsquo;autorit\u00e9 parentale.<\/p>\n<\/div>\n<p>L&rsquo;autorisation de sortie du territoire donn\u00e9e par un titulaire de l&rsquo;autorit\u00e9 parentale est r\u00e9dig\u00e9e au moyen d&rsquo;un formulaire qui pr\u00e9cise les mentions suivantes\u00a0:<\/p>\n<ul>\n<li>les nom, pr\u00e9noms, date et lieu de naissance de l&rsquo;enfant mineur autoris\u00e9 \u00e0 quitter le territoire\u00a0;<\/li>\n<li>les nom, pr\u00e9noms, date et lieu de naissance du titulaire de l&rsquo;autorit\u00e9 parentale signataire de l&rsquo;autorisation, la qualit\u00e9 au titre de laquelle il exerce cette autorit\u00e9, son domicile, sa signature ainsi que, le cas \u00e9ch\u00e9ant, ses coordonn\u00e9es t\u00e9l\u00e9phoniques et son adresse \u00e9lectronique\u00a0;<\/li>\n<li>la dur\u00e9e de l&rsquo;autorisation, qui ne peut pas exc\u00e9der 1\u00a0an \u00e0 partir de la date de signature.<\/li>\n<\/ul>\n<p>Aucune d\u00e9marche en mairie ou en pr\u00e9fecture n&rsquo;est n\u00e9cessaire pour l&rsquo;obtention<img loading=\"lazy\" decoding=\"async\" class=\"size-medium wp-image-688 alignleft\" src=\"https:\/\/noyalsurbrutz.fr\/wp-content\/uploads\/2017\/11\/burdignin-auto-territoire-300x300.jpg\" alt=\"\" width=\"300\" height=\"300\" srcset=\"https:\/\/noyalsurbrutz.fr\/wp-content\/uploads\/2017\/11\/burdignin-auto-territoire-300x300.jpg 300w, https:\/\/noyalsurbrutz.fr\/wp-content\/uploads\/2017\/11\/burdignin-auto-territoire-150x150.jpg 150w, https:\/\/noyalsurbrutz.fr\/wp-content\/uploads\/2017\/11\/burdignin-auto-territoire-350x350.jpg 350w, https:\/\/noyalsurbrutz.fr\/wp-content\/uploads\/2017\/11\/burdignin-auto-territoire.jpg 600w\" sizes=\"auto, (max-width: 300px) 100vw, 300px\" \/> de ce document.<\/p>\n<p>Une fois compl\u00e9t\u00e9 et sign\u00e9, le formulaire doit \u00eatre accompagn\u00e9 de la photocopie lisible d&rsquo;un document officiel justifiant de l&rsquo;identit\u00e9 du signataire et comportant les \u00e9l\u00e9ments suivants\u00a0:<\/p>\n<ul>\n<li>ses nom et pr\u00e9noms \u00a0;<\/li>\n<li>ses date et lieu de naissance\u00a0;<\/li>\n<li>sa photographie\u00a0;<\/li>\n<li>sa signature\u00a0;<\/li>\n<li>les dates de d\u00e9livrance et de validit\u00e9 du document ainsi que l&rsquo;autorit\u00e9 de d\u00e9livrance.<\/li>\n<\/ul>\n<p>Ce justificatif d&rsquo;identit\u00e9 peut \u00eatre\u00a0:<\/p>\n<ul>\n<li>pour les titulaires de l&rsquo;autorit\u00e9 parentale de nationalit\u00e9 fran\u00e7aise, la carte nationale d&rsquo;identit\u00e9 ou le passeport\u00a0;<\/li>\n<li>pour les titulaires de l&rsquo;autorit\u00e9 parentale, citoyens europ\u00e9ens, suisses ou d&rsquo;un \u00c9tat partie \u00e0 l&rsquo;accord sur l&rsquo;Espace \u00e9conomique europ\u00e9en, la carte nationale d&rsquo;identit\u00e9, le passeport ou un titre autorisant le s\u00e9jour en France\u00a0;<\/li>\n<li>pour les titulaires de l&rsquo;autorit\u00e9 parentale non europ\u00e9ens, le passeport, un titre autorisant le s\u00e9jour en France ou un titre d&rsquo;identit\u00e9 et de voyage pour r\u00e9fugi\u00e9(e) ou apatride.<\/li>\n<\/ul>\n<p>Ces documents doivent \u00eatre en cours de validit\u00e9 (sauf la carte nationale d&rsquo;identit\u00e9 et le passeport fran\u00e7ais, qui peuvent \u00eatre pr\u00e9sent\u00e9s en cours de validit\u00e9 ou p\u00e9rim\u00e9s depuis moins de 5\u00a0ans).<\/p>\n<h3><span style=\"color: #800000;\">FORMULAIRE<\/span><\/h3>\n<p><a href=\"https:\/\/noyalsurbrutz.fr\/wp-content\/uploads\/2017\/11\/AUTORISATION-SORTIE-TERRITOIREcerfa-15646-01.pdf\">AUTORISATION SORTIE TERRITOIRE cerfa 15646 01<\/a><\/p>\n","protected":false},"excerpt":{"rendered":"<p>L&rsquo;autorisation de sortie du territoire (AST) d&rsquo;un mineur non accompagn\u00e9 par un titulaire de l&rsquo;autorit\u00e9 parentale est r\u00e9tablie \u00e0 partir du 15\u00a0janvier\u00a02017. Ce nouveau dispositif est applicable \u00e0 tous les mineurs r\u00e9sidant habituellement en France. Il s&rsquo;applique \u00e9galement \u00e0 tous les voyages, individuels ou collectifs (voyages scolaires, s\u00e9jours de vacances,\u2026 <a class=\"continue-reading-link\" href=\"https:\/\/noyalsurbrutz.fr\/index.php\/autorisation-de-sortie-du-territoire\/\">Continue reading<\/a><\/p>\n","protected":false},"author":1,"featured_media":0,"parent":0,"menu_order":0,"comment_status":"closed","ping_status":"closed","template":"","meta":{"footnotes":""},"class_list":["post-681","page","type-page","status-publish","hentry"],"_links":{"self":[{"href":"https:\/\/noyalsurbrutz.fr\/index.php\/wp-json\/wp\/v2\/pages\/681","targetHints":{"allow":["GET"]}}],"collection":[{"href":"https:\/\/noyalsurbrutz.fr\/index.php\/wp-json\/wp\/v2\/pages"}],"about":[{"href":"https:\/\/noyalsurbrutz.fr\/index.php\/wp-json\/wp\/v2\/types\/page"}],"author":[{"embeddable":true,"href":"https:\/\/noyalsurbrutz.fr\/index.php\/wp-json\/wp\/v2\/users\/1"}],"replies":[{"embeddable":true,"href":"https:\/\/noyalsurbrutz.fr\/index.php\/wp-json\/wp\/v2\/comments?post=681"}],"version-history":[{"count":5,"href":"https:\/\/noyalsurbrutz.fr\/index.php\/wp-json\/wp\/v2\/pages\/681\/revisions"}],"predecessor-version":[{"id":690,"href":"https:\/\/noyalsurbrutz.fr\/index.php\/wp-json\/wp\/v2\/pages\/681\/revisions\/690"}],"wp:attachment":[{"href":"https:\/\/noyalsurbrutz.fr\/index.php\/wp-json\/wp\/v2\/media?parent=681"}],"curies":[{"name":"wp","href":"https:\/\/api.w.org\/{rel}","templated":true}]}}