{"id":834,"date":"2018-04-11T10:23:20","date_gmt":"2018-04-11T08:23:20","guid":{"rendered":"http:\/\/noyalsurbrutz.fr\/?page_id=834"},"modified":"2024-11-08T09:55:23","modified_gmt":"2024-11-08T08:55:23","slug":"bons-de-rentree-scolaire","status":"publish","type":"page","link":"https:\/\/noyalsurbrutz.fr\/index.php\/bons-de-rentree-scolaire\/","title":{"rendered":"Bons de Rentr\u00e9e Scolaire"},"content":{"rendered":"<p><img loading=\"lazy\" decoding=\"async\" class=\" wp-image-839 alignleft\" src=\"https:\/\/noyalsurbrutz.fr\/wp-content\/uploads\/2018\/04\/1010764-1271034-300x169.jpg\" alt=\"\" width=\"247\" height=\"139\" srcset=\"https:\/\/noyalsurbrutz.fr\/wp-content\/uploads\/2018\/04\/1010764-1271034-300x169.jpg 300w, https:\/\/noyalsurbrutz.fr\/wp-content\/uploads\/2018\/04\/1010764-1271034-620x350.jpg 620w, https:\/\/noyalsurbrutz.fr\/wp-content\/uploads\/2018\/04\/1010764-1271034-150x85.jpg 150w, https:\/\/noyalsurbrutz.fr\/wp-content\/uploads\/2018\/04\/1010764-1271034.jpg 624w\" sizes=\"auto, (max-width: 247px) 100vw, 247px\" \/>Le Conseil Municipal octroie une aide financi\u00e8re destin\u00e9 aux familles dont le ou les enfants sont coll\u00e9giens et ayant moins de 16 ans, dans l&rsquo;achat des fournitures scolaires.<\/p>\n<p>Pour b\u00e9n\u00e9ficier de cette aide, il suffit de remplir le formulaire et d&rsquo;y joindre un RIB et un certificat de scolarit\u00e9. Le formulaire est t\u00e9l\u00e9chargeable en cliquant sur le lien ci dessous.<\/p>\n<h3><strong><span style=\"color: #ff0000;\">Date limite pour d\u00e9poser le dossier complet : 30 novembre 2024<br \/>\n<\/span><\/strong><\/h3>\n<p>ATTENTION le montant de l&rsquo;aide sera diff\u00e9rente en fonction de la tranche de quotient familial.<\/p>\n<p>Soit :<\/p>\n<p><strong>Tranche 1 : &lt; 400\u20ac\u00a0\u00a0\u00a0\u00a0\u00a0\u00a0\u00a0\u00a0\u00a0\u00a0\u00a0\u00a0\u00a0\u00a0\u00a0\u00a0\u00a0\u00a0\u00a0\u00a0\u00a0\u00a0\u00a0\u00a0\u00a0\u00a0\u00a0\u00a0\u00a0\u00a0 \u00a0\u00a0\u00a0\u00a0\u00a0 30\u20ac\u00a0<\/strong><\/p>\n<p><strong>Tranche 2\u00a0: entre 400\u20ac et 650\u20ac\u00a0\u00a0\u00a0\u00a0\u00a0\u00a0\u00a0\u00a0\u00a0\u00a0\u00a0\u00a0\u00a0\u00a0\u00a0 25\u20ac<\/strong><\/p>\n<p><strong>Tranche 3\u00a0: entre 651\u20ac et 950\u20ac\u00a0 \u00a0\u00a0\u00a0\u00a0\u00a0\u00a0\u00a0\u00a0\u00a0\u00a0\u00a0\u00a0\u00a0\u00a0 20\u20ac<\/strong><\/p>\n<p><strong>Tranche 4\u00a0: entre 951\u20ac et 1250\u20ac\u00a0\u00a0\u00a0\u00a0\u00a0\u00a0\u00a0 \u00a0\u00a0\u00a0\u00a0\u00a0\u00a0 15\u20ac<\/strong><\/p>\n<p><strong>Tranche 5 : &gt; 1250\u20ac\u00a0\u00a0\u00a0 \u00a0\u00a0\u00a0\u00a0\u00a0\u00a0\u00a0\u00a0\u00a0\u00a0\u00a0\u00a0\u00a0\u00a0\u00a0\u00a0\u00a0\u00a0\u00a0\u00a0\u00a0\u00a0\u00a0\u00a0\u00a0\u00a0\u00a0\u00a0\u00a0 10\u20ac<\/strong><\/p>\n<p><a href=\"https:\/\/noyalsurbrutz.fr\/wp-content\/uploads\/2024\/11\/Formulaire-2024-2025.pdf\">Formulaire 2024 2025<\/a><\/p>\n","protected":false},"excerpt":{"rendered":"<p>Le Conseil Municipal octroie une aide financi\u00e8re destin\u00e9 aux familles dont le ou les enfants sont coll\u00e9giens et ayant moins de 16 ans, dans l&rsquo;achat des fournitures scolaires. Pour b\u00e9n\u00e9ficier de cette aide, il suffit de remplir le formulaire et d&rsquo;y joindre un RIB et un certificat de scolarit\u00e9. Le\u2026 <a class=\"continue-reading-link\" href=\"https:\/\/noyalsurbrutz.fr\/index.php\/bons-de-rentree-scolaire\/\">Continue reading<\/a><\/p>\n","protected":false},"author":1,"featured_media":0,"parent":0,"menu_order":0,"comment_status":"closed","ping_status":"closed","template":"","meta":{"footnotes":""},"class_list":["post-834","page","type-page","status-publish","hentry"],"_links":{"self":[{"href":"https:\/\/noyalsurbrutz.fr\/index.php\/wp-json\/wp\/v2\/pages\/834","targetHints":{"allow":["GET"]}}],"collection":[{"href":"https:\/\/noyalsurbrutz.fr\/index.php\/wp-json\/wp\/v2\/pages"}],"about":[{"href":"https:\/\/noyalsurbrutz.fr\/index.php\/wp-json\/wp\/v2\/types\/page"}],"author":[{"embeddable":true,"href":"https:\/\/noyalsurbrutz.fr\/index.php\/wp-json\/wp\/v2\/users\/1"}],"replies":[{"embeddable":true,"href":"https:\/\/noyalsurbrutz.fr\/index.php\/wp-json\/wp\/v2\/comments?post=834"}],"version-history":[{"count":11,"href":"https:\/\/noyalsurbrutz.fr\/index.php\/wp-json\/wp\/v2\/pages\/834\/revisions"}],"predecessor-version":[{"id":1581,"href":"https:\/\/noyalsurbrutz.fr\/index.php\/wp-json\/wp\/v2\/pages\/834\/revisions\/1581"}],"wp:attachment":[{"href":"https:\/\/noyalsurbrutz.fr\/index.php\/wp-json\/wp\/v2\/media?parent=834"}],"curies":[{"name":"wp","href":"https:\/\/api.w.org\/{rel}","templated":true}]}}